{"id":91078,"date":"2024-11-18T13:42:12","date_gmt":"2024-11-18T13:42:12","guid":{"rendered":"https:\/\/clearchox.com\/fr\/?post_type=product&#038;p=91078"},"modified":"2026-04-07T07:24:38","modified_gmt":"2026-04-07T07:24:38","slug":"naive-baies-forestieres-67","status":"publish","type":"product","link":"https:\/\/clearchox.com\/fr\/shop\/naive-baies-forestieres-67\/","title":{"rendered":"Na\u00efve 67% noir avec baies foresti\u00e8res"},"content":{"rendered":"<p><strong>Ingr\u00e9dients<\/strong> : cacao*, sucre de canne*, beurre de cacao*, fraises des bois, myrtilles europ\u00e9ennes, baies de viorne obier, baies de sorbier.<br \/>\n*issu de cueillette sauvage ou de culture naturelle.<\/p>\n<p><em><span style=\"color: #993300;\"><strong>Contient du lait. Peut contenir des traces de lait, de bl\u00e9, de fruits \u00e0 coque ou d&rsquo;arachides.<\/strong><\/span><\/em><\/p>\n<table width=\"593\">\n<tbody>\n<tr>\n<td width=\"333\"><strong>Nutritional values\/Voedingswaarde\/N\u00e4hrwerte\/Valeurs nutritionnelles<br \/>\n<\/strong><\/td>\n<td width=\"260\"><strong>per\/pro\/pour 100 g<\/strong><\/td>\n<\/tr>\n<tr>\n<td>Energy\/Energie\/Valeur \u00e9nerg\u00e9tique<\/td>\n<td>586 kcal \/ 2450 kJ<\/td>\n<\/tr>\n<tr>\n<td>Fat\/Vet\/Fett\/Lipides<\/td>\n<td>37.5 g<\/td>\n<\/tr>\n<tr>\n<td>of which saturated\/waarvan verzadigd\/davon ges\u00e4ttigte Fetts\u00e4uren\/dont acides gras satur\u00e9s<\/td>\n<td>22 g<\/td>\n<\/tr>\n<tr>\n<td>Carbohydrates\/Koolhydraten\/Kohlenhydrate\/Glucides<\/td>\n<td>53 g<\/td>\n<\/tr>\n<tr>\n<td>of which sugar\/waarvan suiker\/davon Zucker\/dont sucre<\/td>\n<td>30\u00a0g<\/td>\n<\/tr>\n<tr>\n<td>Protein\/Eiwitten\/Eiweiss\/Prot\u00e9ines<\/td>\n<td>5 g<\/td>\n<\/tr>\n<tr>\n<td>Salt\/Zout\/Salz\/Sel<\/td>\n<td>0.042 g<\/td>\n<\/tr>\n<\/tbody>\n<\/table>\n","protected":false},"excerpt":{"rendered":"<p>Quatre baies sauvages diff\u00e9rentes des for\u00eats du nord parfument cette barre chocolat\u00e9e d&rsquo;exception. Il n\u2019y a rien de tel.<\/p>\n","protected":false},"featured_media":91074,"comment_status":"open","ping_status":"closed","template":"","meta":[],"product_brand":[100],"product_cat":[15,736],"product_tag":[1310,1311,1307,1308,1127,1312,1306,1309],"class_list":{"0":"post-91078","1":"product","2":"type-product","3":"status-publish","4":"has-post-thumbnail","6":"product_brand-naive","7":"product_cat-chocolat","8":"product_cat-vegane","9":"product_tag-baies","10":"product_tag-forestiere","11":"product_tag-fraise-des-bois","12":"product_tag-myrtille","13":"product_tag-noir","14":"product_tag-nord","15":"product_tag-sorbier","16":"product_tag-viorne-orbier","17":"infinite-scroll-item","18":"resize-featured-image","19":"sales-flash-overlay","20":"woocommerce-text-align-center","21":"woocommerce-image-align-center","23":"first","24":"instock","25":"taxable","26":"shipping-taxable","27":"purchasable","28":"product-type-simple"},"_links":{"self":[{"href":"https:\/\/clearchox.com\/fr\/wp-json\/wp\/v2\/product\/91078","targetHints":{"allow":["GET"]}}],"collection":[{"href":"https:\/\/clearchox.com\/fr\/wp-json\/wp\/v2\/product"}],"about":[{"href":"https:\/\/clearchox.com\/fr\/wp-json\/wp\/v2\/types\/product"}],"replies":[{"embeddable":true,"href":"https:\/\/clearchox.com\/fr\/wp-json\/wp\/v2\/comments?post=91078"}],"wp:featuredmedia":[{"embeddable":true,"href":"https:\/\/clearchox.com\/fr\/wp-json\/wp\/v2\/media\/91074"}],"wp:attachment":[{"href":"https:\/\/clearchox.com\/fr\/wp-json\/wp\/v2\/media?parent=91078"}],"wp:term":[{"taxonomy":"product_brand","embeddable":true,"href":"https:\/\/clearchox.com\/fr\/wp-json\/wp\/v2\/product_brand?post=91078"},{"taxonomy":"product_cat","embeddable":true,"href":"https:\/\/clearchox.com\/fr\/wp-json\/wp\/v2\/product_cat?post=91078"},{"taxonomy":"product_tag","embeddable":true,"href":"https:\/\/clearchox.com\/fr\/wp-json\/wp\/v2\/product_tag?post=91078"}],"curies":[{"name":"wp","href":"https:\/\/api.w.org\/{rel}","templated":true}]}}