{"id":91079,"date":"2024-11-18T13:49:50","date_gmt":"2024-11-18T13:49:50","guid":{"rendered":"https:\/\/clearchox.com\/fr\/?post_type=product&#038;p=91079"},"modified":"2026-04-07T07:24:37","modified_gmt":"2026-04-07T07:24:37","slug":"naive-boeuf-lait-airelles-62","status":"publish","type":"product","link":"https:\/\/clearchox.com\/fr\/shop\/naive-boeuf-lait-airelles-62\/","title":{"rendered":"Na\u00efve 62% au boeuf, lait et airelles"},"content":{"rendered":"<p><strong>Ingr\u00e9dients<\/strong> : cacao*, sucre de canne*, beurre de cacao*, b\u0153uf s\u00e9ch\u00e9 nourri \u00e0 l&rsquo;herbe*, <strong>beurre<\/strong>*, <strong>lait<\/strong> en poudre de vaches nourries \u00e0 l&rsquo;herbe*, airelles rouges*, sel marin*, poivre noir*.<br \/>\n*issu de cueillette sauvage ou de culture naturelle.<\/p>\n<p><em><span style=\"color: #993300;\"><strong>Contient des produits laitiers. Peut contenir des traces de fruits \u00e0 coque et d&rsquo;arachides.<\/strong><\/span><\/em><\/p>\n<table width=\"593\">\n<tbody>\n<tr>\n<td width=\"333\"><strong>Nutritional values\/Voedingswaarde\/N\u00e4hrwerte\/Valeurs nutritionnelles<br \/>\n<\/strong><\/td>\n<td width=\"260\"><strong>per\/pro\/pour 100 g<\/strong><\/td>\n<\/tr>\n<tr>\n<td>Energy\/Energie\/Valeur \u00e9nerg\u00e9tique<\/td>\n<td>572 kcal \/ 2396 kJ<\/td>\n<\/tr>\n<tr>\n<td>Fat\/Vet\/Fett\/Lipides<\/td>\n<td>38 g<\/td>\n<\/tr>\n<tr>\n<td>of which saturated\/waarvan verzadigd\/davon ges\u00e4ttigte Fetts\u00e4uren\/dont acides gras satur\u00e9s<\/td>\n<td>23.1 g<\/td>\n<\/tr>\n<tr>\n<td>Carbohydrates\/Koolhydraten\/Kohlenhydrate\/Glucides<\/td>\n<td>44 g<\/td>\n<\/tr>\n<tr>\n<td>of which sugar\/waarvan suiker\/davon Zucker\/dont sucre<\/td>\n<td>27 g<\/td>\n<\/tr>\n<tr>\n<td>Protein\/Eiwitten\/Eiweiss\/Prot\u00e9ines<\/td>\n<td>5.9 g<\/td>\n<\/tr>\n<tr>\n<td>Salt\/Zout\/Salz\/Sel<\/td>\n<td>0.044 g<\/td>\n<\/tr>\n<\/tbody>\n<\/table>\n","protected":false},"excerpt":{"rendered":"<p>D\u00e9licieux chocolat aromatis\u00e9 au steak vieilli \u00e0 sec avec du lait, du beurre et des airelles. Qui l&rsquo;aurait pens\u00e9 ?<\/p>\n","protected":false},"featured_media":91073,"comment_status":"open","ping_status":"closed","template":"","meta":[],"product_brand":[100],"product_cat":[15],"product_tag":[1316,1313,1315,1146,1127,1314],"class_list":{"0":"post-91079","1":"product","2":"type-product","3":"status-publish","4":"has-post-thumbnail","6":"product_brand-naive","7":"product_cat-chocolat","8":"product_tag-airelles","9":"product_tag-beurre","10":"product_tag-boeuf","11":"product_tag-lait","12":"product_tag-noir","13":"product_tag-steak","14":"infinite-scroll-item","15":"resize-featured-image","16":"sales-flash-overlay","17":"woocommerce-text-align-center","18":"woocommerce-image-align-center","20":"first","21":"instock","22":"taxable","23":"shipping-taxable","24":"purchasable","25":"product-type-simple"},"_links":{"self":[{"href":"https:\/\/clearchox.com\/fr\/wp-json\/wp\/v2\/product\/91079","targetHints":{"allow":["GET"]}}],"collection":[{"href":"https:\/\/clearchox.com\/fr\/wp-json\/wp\/v2\/product"}],"about":[{"href":"https:\/\/clearchox.com\/fr\/wp-json\/wp\/v2\/types\/product"}],"replies":[{"embeddable":true,"href":"https:\/\/clearchox.com\/fr\/wp-json\/wp\/v2\/comments?post=91079"}],"wp:featuredmedia":[{"embeddable":true,"href":"https:\/\/clearchox.com\/fr\/wp-json\/wp\/v2\/media\/91073"}],"wp:attachment":[{"href":"https:\/\/clearchox.com\/fr\/wp-json\/wp\/v2\/media?parent=91079"}],"wp:term":[{"taxonomy":"product_brand","embeddable":true,"href":"https:\/\/clearchox.com\/fr\/wp-json\/wp\/v2\/product_brand?post=91079"},{"taxonomy":"product_cat","embeddable":true,"href":"https:\/\/clearchox.com\/fr\/wp-json\/wp\/v2\/product_cat?post=91079"},{"taxonomy":"product_tag","embeddable":true,"href":"https:\/\/clearchox.com\/fr\/wp-json\/wp\/v2\/product_tag?post=91079"}],"curies":[{"name":"wp","href":"https:\/\/api.w.org\/{rel}","templated":true}]}}