{"id":91090,"date":"2025-01-05T13:45:02","date_gmt":"2025-01-05T13:45:02","guid":{"rendered":"https:\/\/clearchox.com\/fr\/?post_type=product&#038;p=91090"},"modified":"2026-04-07T14:24:36","modified_gmt":"2026-04-07T14:24:36","slug":"auro-32-blanc-ube-coco","status":"publish","type":"product","link":"https:\/\/clearchox.com\/fr\/shop\/auro-32-blanc-ube-coco\/","title":{"rendered":"Auro 32% Chocolat Blanc Ube Coco"},"content":{"rendered":"<p><strong>Ingr\u00e9dients<\/strong>: sucre de canne, beurre de cacao, <strong><em>lait<\/em><\/strong> entier en poudre, taro en poudre, <strong><em>lait<\/em><\/strong> \u00e9cr\u00e9m\u00e9 en poudre, croustillants de riz (amidon de tapioca, poudre de riz, sucre, f\u00e9cule de mais, extrait de <strong><em>malt<\/em><\/strong>, <strong><em>lactos\u00e9rum<\/em><\/strong> en poudre, fibres de <em><strong>bl\u00e9<\/strong><\/em>, monost\u00e9arate de glyc\u00e9rol), noix de coco dess\u00e9ch\u00e9e, poudre de fruit du dragon (comme colorant), poudre d&rsquo;ube, l\u00e9cithine de <strong><em>soja<\/em><\/strong> (comme \u00e9mulsifiant), sel marin.<\/p>\n<p><em><strong>Contient du lait, du bl\u00e9, de la noix de coco et du soja. Ce produit est fabriqu\u00e9 dans une installation qui traite d&rsquo;autres produits pouvant contenir de l&rsquo;avoine, des noix et des arachides.<br \/>\n<\/strong><\/em><\/p>\n<table border=\"0\" width=\"593\" cellspacing=\"0\" cellpadding=\"0\">\n<tbody>\n<tr>\n<td class=\"xl68\" width=\"333\" height=\"15\"><strong>Nutritional values\/N\u00e4hrwerte\/Voedingswaarde\/Valeurs nutritionnelles<\/strong><\/td>\n<td class=\"xl66\" width=\"260\"><strong>per\/pro\/per\/pour 100 g<\/strong><\/td>\n<\/tr>\n<tr>\n<td class=\"xl64\" height=\"15\">Energy\/Energie\/Valeur \u00e9nerg\u00e9tique<\/td>\n<td class=\"xl65\">567 kcal \/ 2372 kJ<\/td>\n<\/tr>\n<tr>\n<td class=\"xl64\" height=\"15\">Fat\/Fett\/Vetten\/Lipides<\/td>\n<td class=\"xl65\">38 g<\/td>\n<\/tr>\n<tr>\n<td class=\"xl64\" height=\"15\">of which saturated\/davon ges\u00e4ttigte Fetts\u00e4uren\/waarvan verzadigd\/dont acides gras satur\u00e9s<\/td>\n<td class=\"xl65\">23 g<\/td>\n<\/tr>\n<tr>\n<td class=\"xl64\" height=\"15\">Carbohydrates\/Kohlenhydrate\/Koolhydraten\/Glucides<\/td>\n<td class=\"xl65\">51 g<\/td>\n<\/tr>\n<tr>\n<td class=\"xl64\" height=\"15\">of which sugar\/davon Zucker\/waarvan suiker\/dont sucre<\/td>\n<td class=\"xl65\">46 g<\/td>\n<\/tr>\n<tr>\n<td class=\"xl64\" height=\"15\">Proteins\/Eiweiss\/Eiwitten\/Prot\u00e9ines<\/td>\n<td class=\"xl65\">7 g<\/td>\n<\/tr>\n<tr>\n<td class=\"xl67\" height=\"15\">Salt\/Salz\/Zout\/Sel<\/td>\n<td class=\"xl63\">127 mg<\/td>\n<\/tr>\n<\/tbody>\n<\/table>\n","protected":false},"excerpt":{"rendered":"<p>De la collection Filippino Fiesta : chocolat blanc violet avec de l&rsquo;ube, de la noix de coco et un subtil croustillant de riz. Une g\u00e2terie sucr\u00e9e et terreuse que vous n\u2019oublierez pas !<\/p>\n","protected":false},"featured_media":91091,"comment_status":"open","ping_status":"closed","template":"","meta":[],"product_brand":[116],"product_cat":[734,15],"product_tag":[1132,1163,1136,1326,1325,1328,1327],"class_list":{"0":"post-91090","1":"product","2":"type-product","3":"status-publish","4":"has-post-thumbnail","6":"product_brand-auro","7":"product_cat-bean-to-bar","8":"product_cat-chocolat","9":"product_tag-blanc","10":"product_tag-coco","11":"product_tag-fiesta","12":"product_tag-noix-de-coco","13":"product_tag-ube","14":"product_tag-violet","15":"product_tag-violette","16":"product_shipping_class-16","17":"infinite-scroll-item","18":"resize-featured-image","19":"sales-flash-overlay","20":"woocommerce-text-align-center","21":"woocommerce-image-align-center","22":"wc-has-gallery","24":"first","25":"instock","26":"taxable","27":"shipping-taxable","28":"purchasable","29":"product-type-simple"},"_links":{"self":[{"href":"https:\/\/clearchox.com\/fr\/wp-json\/wp\/v2\/product\/91090","targetHints":{"allow":["GET"]}}],"collection":[{"href":"https:\/\/clearchox.com\/fr\/wp-json\/wp\/v2\/product"}],"about":[{"href":"https:\/\/clearchox.com\/fr\/wp-json\/wp\/v2\/types\/product"}],"replies":[{"embeddable":true,"href":"https:\/\/clearchox.com\/fr\/wp-json\/wp\/v2\/comments?post=91090"}],"wp:featuredmedia":[{"embeddable":true,"href":"https:\/\/clearchox.com\/fr\/wp-json\/wp\/v2\/media\/91091"}],"wp:attachment":[{"href":"https:\/\/clearchox.com\/fr\/wp-json\/wp\/v2\/media?parent=91090"}],"wp:term":[{"taxonomy":"product_brand","embeddable":true,"href":"https:\/\/clearchox.com\/fr\/wp-json\/wp\/v2\/product_brand?post=91090"},{"taxonomy":"product_cat","embeddable":true,"href":"https:\/\/clearchox.com\/fr\/wp-json\/wp\/v2\/product_cat?post=91090"},{"taxonomy":"product_tag","embeddable":true,"href":"https:\/\/clearchox.com\/fr\/wp-json\/wp\/v2\/product_tag?post=91090"}],"curies":[{"name":"wp","href":"https:\/\/api.w.org\/{rel}","templated":true}]}}