{"id":91148,"date":"2025-04-08T07:12:38","date_gmt":"2025-04-08T07:12:38","guid":{"rendered":"https:\/\/clearchox.com\/fr\/?post_type=product&#038;p=91148"},"modified":"2026-03-30T14:59:38","modified_gmt":"2026-03-30T14:59:38","slug":"auro-coffret-cadeau-5-barres-fiesta-collection","status":"publish","type":"product","link":"https:\/\/clearchox.com\/fr\/shop\/auro-coffret-cadeau-5-barres-fiesta-collection\/","title":{"rendered":"Auro Coffret Cadeau 5 Barres Fiesta Collection"},"content":{"rendered":"","protected":false},"excerpt":{"rendered":"<p>Toutes les 5 tablettes de la Collection Fiesta maintenant dans une jolie bo\u00eete. Tu peux le donner comme cadeau et le recevoir en cadeau &#8211; elle t&rsquo;aidera\u00e0 faire la f\u00eate!<\/p>\n","protected":false},"featured_media":91151,"comment_status":"open","ping_status":"closed","template":"","meta":[],"product_brand":[116],"product_cat":[734,15],"product_tag":[1337,1336,1144,1136],"class_list":{"0":"post-91148","1":"product","2":"type-product","3":"status-publish","4":"has-post-thumbnail","6":"product_brand-auro","7":"product_cat-bean-to-bar","8":"product_cat-chocolat","9":"product_tag-auro","10":"product_tag-cadeau","11":"product_tag-chocolat","12":"product_tag-fiesta","13":"product_shipping_class-16","14":"infinite-scroll-item","15":"resize-featured-image","16":"sales-flash-overlay","17":"woocommerce-text-align-center","18":"woocommerce-image-align-center","19":"wc-has-gallery","21":"first","22":"instock","23":"taxable","24":"shipping-taxable","25":"purchasable","26":"product-type-simple"},"_links":{"self":[{"href":"https:\/\/clearchox.com\/fr\/wp-json\/wp\/v2\/product\/91148","targetHints":{"allow":["GET"]}}],"collection":[{"href":"https:\/\/clearchox.com\/fr\/wp-json\/wp\/v2\/product"}],"about":[{"href":"https:\/\/clearchox.com\/fr\/wp-json\/wp\/v2\/types\/product"}],"replies":[{"embeddable":true,"href":"https:\/\/clearchox.com\/fr\/wp-json\/wp\/v2\/comments?post=91148"}],"wp:featuredmedia":[{"embeddable":true,"href":"https:\/\/clearchox.com\/fr\/wp-json\/wp\/v2\/media\/91151"}],"wp:attachment":[{"href":"https:\/\/clearchox.com\/fr\/wp-json\/wp\/v2\/media?parent=91148"}],"wp:term":[{"taxonomy":"product_brand","embeddable":true,"href":"https:\/\/clearchox.com\/fr\/wp-json\/wp\/v2\/product_brand?post=91148"},{"taxonomy":"product_cat","embeddable":true,"href":"https:\/\/clearchox.com\/fr\/wp-json\/wp\/v2\/product_cat?post=91148"},{"taxonomy":"product_tag","embeddable":true,"href":"https:\/\/clearchox.com\/fr\/wp-json\/wp\/v2\/product_tag?post=91148"}],"curies":[{"name":"wp","href":"https:\/\/api.w.org\/{rel}","templated":true}]}}