{"id":91152,"date":"2025-04-08T15:14:22","date_gmt":"2025-04-08T15:14:22","guid":{"rendered":"https:\/\/clearchox.com\/fr\/?post_type=product&#038;p=91152"},"modified":"2025-12-03T07:33:42","modified_gmt":"2025-12-03T07:33:42","slug":"pure-chocolate-blanc-a-la-banane-banane-plantain-et-patate-douce","status":"publish","type":"product","link":"https:\/\/clearchox.com\/fr\/shop\/pure-chocolate-blanc-a-la-banane-banane-plantain-et-patate-douce\/","title":{"rendered":"Pure Chocolate Blanc \u00e0 la banane, banane plantain et patate douce"},"content":{"rendered":"","protected":false},"excerpt":{"rendered":"<p>Une exp\u00e9rience tropicale unique de chocolat blanc v\u00e9g\u00e9tal \u00e0 la banane, au plantain et \u00e0 la patate douce.<\/p>\n","protected":false},"featured_media":91154,"comment_status":"open","ping_status":"closed","template":"","meta":[],"product_brand":[1100],"product_cat":[733,734,15,736],"product_tag":[1339,1132,1341,1340,1170],"class_list":{"0":"post-91152","1":"product","2":"type-product","3":"status-publish","4":"has-post-thumbnail","6":"product_brand-pure-chocolate","7":"product_cat-awards","8":"product_cat-bean-to-bar","9":"product_cat-chocolat","10":"product_cat-vegane","11":"product_tag-banane","12":"product_tag-blanc","13":"product_tag-patate-douce","14":"product_tag-plantain","15":"product_tag-sel-de-mer","16":"product_shipping_class-16","17":"infinite-scroll-item","18":"resize-featured-image","19":"sales-flash-overlay","20":"woocommerce-text-align-center","21":"woocommerce-image-align-center","22":"wc-has-gallery","24":"first","25":"outofstock","26":"taxable","27":"shipping-taxable","28":"purchasable","29":"product-type-simple"},"_links":{"self":[{"href":"https:\/\/clearchox.com\/fr\/wp-json\/wp\/v2\/product\/91152","targetHints":{"allow":["GET"]}}],"collection":[{"href":"https:\/\/clearchox.com\/fr\/wp-json\/wp\/v2\/product"}],"about":[{"href":"https:\/\/clearchox.com\/fr\/wp-json\/wp\/v2\/types\/product"}],"replies":[{"embeddable":true,"href":"https:\/\/clearchox.com\/fr\/wp-json\/wp\/v2\/comments?post=91152"}],"wp:featuredmedia":[{"embeddable":true,"href":"https:\/\/clearchox.com\/fr\/wp-json\/wp\/v2\/media\/91154"}],"wp:attachment":[{"href":"https:\/\/clearchox.com\/fr\/wp-json\/wp\/v2\/media?parent=91152"}],"wp:term":[{"taxonomy":"product_brand","embeddable":true,"href":"https:\/\/clearchox.com\/fr\/wp-json\/wp\/v2\/product_brand?post=91152"},{"taxonomy":"product_cat","embeddable":true,"href":"https:\/\/clearchox.com\/fr\/wp-json\/wp\/v2\/product_cat?post=91152"},{"taxonomy":"product_tag","embeddable":true,"href":"https:\/\/clearchox.com\/fr\/wp-json\/wp\/v2\/product_tag?post=91152"}],"curies":[{"name":"wp","href":"https:\/\/api.w.org\/{rel}","templated":true}]}}