{"id":91189,"date":"2025-04-10T14:30:24","date_gmt":"2025-04-10T14:30:24","guid":{"rendered":"https:\/\/clearchox.com\/fr\/?post_type=product&#038;p=91189"},"modified":"2026-03-13T12:03:03","modified_gmt":"2026-03-13T12:03:03","slug":"pure-chocolate-coffret-cadeau-taste-of-jamaica","status":"publish","type":"product","link":"https:\/\/clearchox.com\/fr\/shop\/pure-chocolate-coffret-cadeau-taste-of-jamaica\/","title":{"rendered":"Pure Chocolate Coffret Cadeau Taste of Jamaica"},"content":{"rendered":"","protected":false},"excerpt":{"rendered":"<p>Un joli coffret cadeau en forme de cube contenant six barres de chocolat diff\u00e9rentes de 30 grammes. Un moyen id\u00e9al de go\u00fbter aux saveurs de la Jama\u00efque. Et un super cadeau pour vous-m\u00eame ou pour quelqu\u2019un d\u2019autre.<\/p>\n","protected":false},"featured_media":91187,"comment_status":"open","ping_status":"closed","template":"","meta":[],"product_brand":[1100],"product_cat":[733,734,15,736],"product_tag":[1336,1348,1349,1350,1343,1156],"class_list":{"0":"post-91189","1":"product","2":"type-product","3":"status-publish","4":"has-post-thumbnail","6":"product_brand-pure-chocolate","7":"product_cat-awards","8":"product_cat-bean-to-bar","9":"product_cat-chocolat","10":"product_cat-vegane","11":"product_tag-cadeau","12":"product_tag-coffret-cadeau","13":"product_tag-gift","14":"product_tag-gift-box","15":"product_tag-jamaique","16":"product_tag-vegan","17":"infinite-scroll-item","18":"resize-featured-image","19":"sales-flash-overlay","20":"woocommerce-text-align-center","21":"woocommerce-image-align-center","22":"wc-has-gallery","24":"first","25":"outofstock","26":"taxable","27":"shipping-taxable","28":"purchasable","29":"product-type-simple"},"_links":{"self":[{"href":"https:\/\/clearchox.com\/fr\/wp-json\/wp\/v2\/product\/91189","targetHints":{"allow":["GET"]}}],"collection":[{"href":"https:\/\/clearchox.com\/fr\/wp-json\/wp\/v2\/product"}],"about":[{"href":"https:\/\/clearchox.com\/fr\/wp-json\/wp\/v2\/types\/product"}],"replies":[{"embeddable":true,"href":"https:\/\/clearchox.com\/fr\/wp-json\/wp\/v2\/comments?post=91189"}],"wp:featuredmedia":[{"embeddable":true,"href":"https:\/\/clearchox.com\/fr\/wp-json\/wp\/v2\/media\/91187"}],"wp:attachment":[{"href":"https:\/\/clearchox.com\/fr\/wp-json\/wp\/v2\/media?parent=91189"}],"wp:term":[{"taxonomy":"product_brand","embeddable":true,"href":"https:\/\/clearchox.com\/fr\/wp-json\/wp\/v2\/product_brand?post=91189"},{"taxonomy":"product_cat","embeddable":true,"href":"https:\/\/clearchox.com\/fr\/wp-json\/wp\/v2\/product_cat?post=91189"},{"taxonomy":"product_tag","embeddable":true,"href":"https:\/\/clearchox.com\/fr\/wp-json\/wp\/v2\/product_tag?post=91189"}],"curies":[{"name":"wp","href":"https:\/\/api.w.org\/{rel}","templated":true}]}}