{"id":91205,"date":"2025-08-25T10:24:54","date_gmt":"2025-08-25T10:24:54","guid":{"rendered":"https:\/\/clearchox.com\/fr\/?post_type=product&#038;p=91205"},"modified":"2026-04-07T14:24:38","modified_gmt":"2026-04-07T14:24:38","slug":"ocelot-chocolat-noir-70-huile-dolive-au-citron-bio","status":"publish","type":"product","link":"https:\/\/clearchox.com\/fr\/shop\/ocelot-chocolat-noir-70-huile-dolive-au-citron-bio\/","title":{"rendered":"Ocelot Chocolat noir 70% Huile d&rsquo;olive au citron BIO"},"content":{"rendered":"<p>Une tablette incroyablement douce et parfum\u00e9e, g\u00e9n\u00e9reusement infus\u00e9e d&rsquo;huile d&rsquo;olive des Puglia. Cette huile est plus sp\u00e9ciale : elle est fabriqu\u00e9e par une entreprise familiale, o\u00f9 des citrons biologiques tr\u00e8s frais sont broy\u00e9s avec les olives \u00e0 l&rsquo;aide de meules. Le r\u00e9sultat est une huile parfum\u00e9e, vert herbe, qui \u00e9l\u00e8ve le chocolat noir raffin\u00e9 \u00e0 un niveau de plaisir encore plus \u00e9lev\u00e9.<\/p>\n<p>La soci\u00e9t\u00e9 \u00e9cossaise Ocelot fabrique un chocolat exceptionnel \u00e0 tous \u00e9gards. Non seulement gr\u00e2ce \u00e0 ses d\u00e9licieuses combinaisons de saveurs, mais aussi gr\u00e2ce \u00e0 son packaging durable et \u00e9l\u00e9gant. Pour le cacao, ou plut\u00f4t la p\u00e2te de chocolat, ils travaillent en \u00e9troite collaboration avec Original Beans.<\/p>\n<p>Original Beans propose une gamme de chocolats provenant de plantations d&rsquo;origine unique, qui favorisent \u00e9galement la pr\u00e9servation de la for\u00eat tropicale. Le Virunga utilis\u00e9 pour cette tablette est r\u00e9colt\u00e9 dans le parc national des Virunga, \u00e0 l&rsquo;est de la R\u00e9publique d\u00e9mocratique du Congo.<\/p>\n<p><strong>Ingr\u00e9dients<\/strong>: p\u00e2te de cacao Original Beans Couverture Femmes de Virunga* (59,65 %), sucre de canne cru Argentine\/Paraguay* (27,96 %), beurre de cacao* (8,39 %), huile d&rsquo;olive citronn\u00e9e* &#8211; extra vierge italienne 70 %, citron 30 % &#8211; (4 %), teneur en cacao 70 % minimum<\/p>\n<p>* = certifi\u00e9 BIO<\/p>\n<p><strong>Notes gustatives:<\/strong><\/p>\n<p class=\"tw-data-text tw-text-large tw-ta\" dir=\"ltr\" data-placeholder=\"Vertaling\"><span style=\"color: #993300;\"><em><strong>Fabriqu\u00e9 dans un environnement o\u00f9 sont \u00e9galement utilis\u00e9s du lait, du gluten et des noix.<\/strong><\/em><\/span><\/p>\n<table width=\"593\">\n<tbody>\n<tr>\n<td width=\"333\"><strong>Nutritional values\/Voedingswaarde\/N\u00e4hrwerte\/Valeurs nutritionnelles<br \/>\n<\/strong><\/td>\n<td width=\"260\"><strong>per\/pro\/pour 100 g<\/strong><\/td>\n<\/tr>\n<tr>\n<td>Energy\/Energie\/Valeur \u00e9nerg\u00e9tique<\/td>\n<td>587 kCal \/ 2434 kJ<\/td>\n<\/tr>\n<tr>\n<td>Fat\/Vet\/Fett\/Lipides<\/td>\n<td>45 g<\/td>\n<\/tr>\n<tr>\n<td>of which saturated\/waarvan verzadigd\/davon ges\u00e4ttigte Fetts\u00e4uren\/dont acides gras satur\u00e9s<\/td>\n<td>26 g<\/td>\n<\/tr>\n<tr>\n<td>Carbohydrates\/Koolhydraten\/Kohlenhydrate\/Glucides<\/td>\n<td>33 g<\/td>\n<\/tr>\n<tr>\n<td>davon Zucker\/waarvan suiker\/of which sugar\/dont sucre<\/td>\n<td>28 g<\/td>\n<\/tr>\n<tr>\n<td>Nahrungsfasern\/voedingsvezels\/dietary fibres\/des fibres alimentaires<\/td>\n<td><\/td>\n<\/tr>\n<tr>\n<td>Protein\/Eiwit\/Eiweiss\/Prot\u00e9ine<\/td>\n<td>7 g<\/td>\n<\/tr>\n<tr>\n<td>Salt\/Zout\/Salz\/Sel<\/td>\n<td>0,03 g<\/td>\n<\/tr>\n<\/tbody>\n<\/table>\n<p>EAN 0658556165140<\/p>\n","protected":false},"excerpt":{"rendered":"<p>Chocolat noir bio doux au go\u00fbt sensationnel d&rsquo;huile d&rsquo;olive extra vierge italienne au citron.<\/p>\n","protected":false},"featured_media":91206,"comment_status":"open","ping_status":"closed","template":"","meta":[],"product_brand":[1101],"product_cat":[735,15],"product_tag":[24],"class_list":{"0":"post-91205","1":"product","2":"type-product","3":"status-publish","4":"has-post-thumbnail","6":"product_brand-ocelot","7":"product_cat-bio","8":"product_cat-chocolat","9":"product_tag-visible","10":"product_shipping_class-16","11":"infinite-scroll-item","12":"resize-featured-image","13":"sales-flash-overlay","14":"woocommerce-text-align-center","15":"woocommerce-image-align-center","16":"wc-has-gallery","18":"first","19":"instock","20":"taxable","21":"shipping-taxable","22":"purchasable","23":"product-type-simple"},"_links":{"self":[{"href":"https:\/\/clearchox.com\/fr\/wp-json\/wp\/v2\/product\/91205","targetHints":{"allow":["GET"]}}],"collection":[{"href":"https:\/\/clearchox.com\/fr\/wp-json\/wp\/v2\/product"}],"about":[{"href":"https:\/\/clearchox.com\/fr\/wp-json\/wp\/v2\/types\/product"}],"replies":[{"embeddable":true,"href":"https:\/\/clearchox.com\/fr\/wp-json\/wp\/v2\/comments?post=91205"}],"wp:featuredmedia":[{"embeddable":true,"href":"https:\/\/clearchox.com\/fr\/wp-json\/wp\/v2\/media\/91206"}],"wp:attachment":[{"href":"https:\/\/clearchox.com\/fr\/wp-json\/wp\/v2\/media?parent=91205"}],"wp:term":[{"taxonomy":"product_brand","embeddable":true,"href":"https:\/\/clearchox.com\/fr\/wp-json\/wp\/v2\/product_brand?post=91205"},{"taxonomy":"product_cat","embeddable":true,"href":"https:\/\/clearchox.com\/fr\/wp-json\/wp\/v2\/product_cat?post=91205"},{"taxonomy":"product_tag","embeddable":true,"href":"https:\/\/clearchox.com\/fr\/wp-json\/wp\/v2\/product_tag?post=91205"}],"curies":[{"name":"wp","href":"https:\/\/api.w.org\/{rel}","templated":true}]}}