{"id":91225,"date":"2025-11-02T10:48:26","date_gmt":"2025-11-02T10:48:26","guid":{"rendered":"https:\/\/clearchox.com\/fr\/?post_type=product&#038;p=91225"},"modified":"2026-02-03T08:45:55","modified_gmt":"2026-02-03T08:45:55","slug":"chocolat-madagascar-chocolat-blanc-dore-45","status":"publish","type":"product","link":"https:\/\/clearchox.com\/fr\/shop\/chocolat-madagascar-chocolat-blanc-dore-45\/","title":{"rendered":"Chocolat Madagascar Chocolat Blanc Dor\u00e9 45 %"},"content":{"rendered":"<p>Chocolat blanc dor\u00e9. On ne peut pas faire plus fou. Ce chocolat blanc de Madagascar (45 % de cacao) est fabriqu\u00e9 de f\u00e8ves de cacao Grand Cru de Sambirano et de lait entier. Il en r\u00e9sulte un chocolat de couleur or ivoire au go\u00fbt cr\u00e9meux et doux.<\/p>\n<p>C&rsquo;est un produit naturel, sans traitement chimique, sans ar\u00f4mes ajout\u00e9s et sans conservateurs, fabriqu\u00e9 \u00e0 partir de cacao qui cultive et mature \u00e0 l&rsquo;ombre des for\u00eats tropicales de la vall\u00e9e de Sambirano, au nord-ouest de Madagascar.<\/p>\n<p><strong>Remarques gustatives :<\/strong> notes florales, ar\u00f4mes de miel et de banane provenant du beurre de cacao naturel non d\u00e9sodoris\u00e9 et fin.<strong><br \/>\nIngr\u00e9dients<\/strong> :\u00a0beurre de cacao, <span style=\"color: #993300;\"><strong><em>lait entier<\/em><\/strong><\/span> en poudre (37 %), sucre de canne. Contenu en cacao : au moins 45 %.<\/p>\n<p><span style=\"color: #993300;\"><strong>Contient du lait. Fabriqu\u00e9 dans un environnement qui fonctionne \u00e9galement avec du soja et des noix de cajou.<\/strong><\/span><\/p>\n<p>&nbsp;<\/p>\n<table border=\"0\" width=\"593\" cellspacing=\"0\" cellpadding=\"0\">\n<tbody>\n<tr>\n<td class=\"xl68\" width=\"333\" height=\"15\"><strong>Nutrition values\/N\u00e4hrwerte\/Voedingswaarde\/Information nutritionelles<\/strong><\/td>\n<td class=\"xl66\" width=\"260\"><strong>per\/pro\/per 100 g<\/strong><\/td>\n<\/tr>\n<tr>\n<td class=\"xl64\" height=\"15\">Energy\/Energie<\/td>\n<td class=\"xl65\">650 kcal\/ 2718 kJ<\/td>\n<\/tr>\n<tr>\n<td class=\"xl64\" height=\"15\">Fat\/Fett\/vetten\/lipides<\/td>\n<td class=\"xl65\">55 g<\/td>\n<\/tr>\n<tr>\n<td class=\"xl64\" height=\"15\">of which saturated\/davon ges\u00e4ttigte Fetts\u00e4uren\/waarvan verzadigd\/dont acides gras saturis<\/td>\n<td class=\"xl65\">33 g<\/td>\n<\/tr>\n<tr>\n<td class=\"xl64\" height=\"15\">Carbonhydrates\/Kohlenhydrate\/koolhydraten\/glucides<\/td>\n<td class=\"xl65\">31 g<\/td>\n<\/tr>\n<tr>\n<td class=\"xl64\" height=\"15\">of which sugar\/davon Zucker\/dont sucre<\/td>\n<td class=\"xl65\">31\u00a0 g<\/td>\n<\/tr>\n<tr>\n<td class=\"xl64\" height=\"15\">Proteins\/Eiweiss\/eiwitten\/prot\u00e9ines<\/td>\n<td class=\"xl65\">13 g<\/td>\n<\/tr>\n<tr>\n<td class=\"xl67\" height=\"15\">Salt\/Salz\/zout\/sel<\/td>\n<td class=\"xl63\">350 mg<\/td>\n<\/tr>\n<\/tbody>\n<\/table>\n<p>EAN 0659436909533<\/p>\n","protected":false},"excerpt":{"rendered":"<p>Chocolat blanc de Madagascar (45 % de cacao) fabriqu\u00e9 de f\u00e8ves de cacao Grand Cru de Sambirano et de lait entier. Il en r\u00e9sulte un chocolat blanc dor\u00e9 au go\u00fbt cr\u00e9meux et doux.<\/p>\n","protected":false},"featured_media":91217,"comment_status":"open","ping_status":"closed","template":"","meta":[],"product_brand":[860],"product_cat":[733,734,15],"product_tag":[1132,1144,1146,1157],"class_list":{"0":"post-91225","1":"product","2":"type-product","3":"status-publish","4":"has-post-thumbnail","6":"product_brand-chocolat-madagascar","7":"product_cat-awards","8":"product_cat-bean-to-bar","9":"product_cat-chocolat","10":"product_tag-blanc","11":"product_tag-chocolat","12":"product_tag-lait","13":"product_tag-vanille","14":"product_shipping_class-16","15":"infinite-scroll-item","16":"resize-featured-image","17":"sales-flash-overlay","18":"woocommerce-text-align-center","19":"woocommerce-image-align-center","20":"wc-has-gallery","22":"first","23":"outofstock","24":"taxable","25":"shipping-taxable","26":"purchasable","27":"product-type-simple"},"_links":{"self":[{"href":"https:\/\/clearchox.com\/fr\/wp-json\/wp\/v2\/product\/91225","targetHints":{"allow":["GET"]}}],"collection":[{"href":"https:\/\/clearchox.com\/fr\/wp-json\/wp\/v2\/product"}],"about":[{"href":"https:\/\/clearchox.com\/fr\/wp-json\/wp\/v2\/types\/product"}],"replies":[{"embeddable":true,"href":"https:\/\/clearchox.com\/fr\/wp-json\/wp\/v2\/comments?post=91225"}],"wp:featuredmedia":[{"embeddable":true,"href":"https:\/\/clearchox.com\/fr\/wp-json\/wp\/v2\/media\/91217"}],"wp:attachment":[{"href":"https:\/\/clearchox.com\/fr\/wp-json\/wp\/v2\/media?parent=91225"}],"wp:term":[{"taxonomy":"product_brand","embeddable":true,"href":"https:\/\/clearchox.com\/fr\/wp-json\/wp\/v2\/product_brand?post=91225"},{"taxonomy":"product_cat","embeddable":true,"href":"https:\/\/clearchox.com\/fr\/wp-json\/wp\/v2\/product_cat?post=91225"},{"taxonomy":"product_tag","embeddable":true,"href":"https:\/\/clearchox.com\/fr\/wp-json\/wp\/v2\/product_tag?post=91225"}],"curies":[{"name":"wp","href":"https:\/\/api.w.org\/{rel}","templated":true}]}}