{"id":91226,"date":"2025-11-02T11:03:02","date_gmt":"2025-11-02T11:03:02","guid":{"rendered":"https:\/\/clearchox.com\/fr\/?post_type=product&#038;p=91226"},"modified":"2026-03-27T08:04:24","modified_gmt":"2026-03-27T08:04:24","slug":"chocolat-madagascar-fine-noir-70-bio-ab","status":"publish","type":"product","link":"https:\/\/clearchox.com\/fr\/shop\/chocolat-madagascar-fine-noir-70-bio-ab\/","title":{"rendered":"Chocolat Madagascar Fine Noir 70% BIO\/AB"},"content":{"rendered":"<p>La fermentation particuli\u00e8rement douce des f\u00e8ves de cacao et le proc\u00e9d\u00e9 de torr\u00e9faction tr\u00e8s minutieux garantissent un ar\u00f4me fin et \u00e9quilibr\u00e9. La teneur \u00e9lev\u00e9e en cacao souligne son caract\u00e8re d\u00e9licat et doux. Un chocolat noir vraiment tr\u00e8s fin.<\/p>\n<p>Le Chocolat Madagascar Agriculture Biologique 70 % est id\u00e9al pour les d\u00e9butants dans le domaine du chocolat \u00e0 hautes valeurs en cacao, qui jusqu&rsquo;\u00e0 pr\u00e9sent n&rsquo;appr\u00e9ciaient que le chocolat au lait. Un chocolat noir tr\u00e8s fin, fondant, \u00e0 la texture d\u00e9licate et \u00e0 la longue persistance en bouche.<\/p>\n<p><strong>Remarques gustatives: <\/strong>notes fruit\u00e9es telles que raisins secs, agrumes et vin chaud.<strong><br \/>\nIngr\u00e9dients<\/strong> :\u00a0f\u00e8ves de cacao, sucre de canne.<\/p>\n<p><span style=\"color: #993300;\"><strong>Fabriqu\u00e9 dans un environnement qui fonctionne \u00e9galement avec du lait, du soja et des noix de cajou.<\/strong><\/span><\/p>\n<p>&nbsp;<\/p>\n<table border=\"0\" width=\"593\" cellspacing=\"0\" cellpadding=\"0\">\n<tbody>\n<tr>\n<td class=\"xl68\" width=\"333\" height=\"15\"><strong>Nutrition values\/N\u00e4hrwerte\/Voedingswaarde\/Information nutritionelles<\/strong><\/td>\n<td class=\"xl66\" width=\"260\"><strong>per\/pro\/per 100 g<\/strong><\/td>\n<\/tr>\n<tr>\n<td class=\"xl64\" height=\"15\">Energy\/Energie<\/td>\n<td class=\"xl65\"><\/td>\n<\/tr>\n<tr>\n<td class=\"xl64\" height=\"15\">Fat\/Fett\/vetten\/lipides<\/td>\n<td class=\"xl65\"><\/td>\n<\/tr>\n<tr>\n<td class=\"xl64\" height=\"15\">of which saturated\/davon ges\u00e4ttigte Fetts\u00e4uren\/waarvan verzadigd\/dont acides gras saturis<\/td>\n<td class=\"xl65\"><\/td>\n<\/tr>\n<tr>\n<td class=\"xl64\" height=\"15\">Carbonhydrates\/Kohlenhydrate\/koolhydraten\/glucides<\/td>\n<td class=\"xl65\"><\/td>\n<\/tr>\n<tr>\n<td class=\"xl64\" height=\"15\">of which sugar\/davon Zucker\/dont sucre<\/td>\n<td class=\"xl65\"><\/td>\n<\/tr>\n<tr>\n<td class=\"xl64\" height=\"15\">Proteins\/Eiweiss\/eiwitten\/prot\u00e9ines<\/td>\n<td class=\"xl65\"><\/td>\n<\/tr>\n<tr>\n<td class=\"xl67\" height=\"15\">Salt\/Salz\/zout\/sel<\/td>\n<td class=\"xl63\"><\/td>\n<\/tr>\n<\/tbody>\n<\/table>\n<p>EAN 0634654724489<\/p>\n","protected":false},"excerpt":{"rendered":"<p>La fermentation particuli\u00e8rement douce des f\u00e8ves de cacao et le processus de torr\u00e9faction tr\u00e8s minutieux garantissent un ar\u00f4me fin et \u00e9quilibr\u00e9. La concentration \u00e9lev\u00e9e en cacao souligne son caract\u00e8re d\u00e9licat et doux. Un chocolat noir vraiment raffin\u00e9.<\/p>\n","protected":false},"featured_media":91218,"comment_status":"open","ping_status":"closed","template":"","meta":[],"product_brand":[860],"product_cat":[733,734,735,15],"product_tag":[1132,1144,1146,1157],"class_list":{"0":"post-91226","1":"product","2":"type-product","3":"status-publish","4":"has-post-thumbnail","6":"product_brand-chocolat-madagascar","7":"product_cat-awards","8":"product_cat-bean-to-bar","9":"product_cat-bio","10":"product_cat-chocolat","11":"product_tag-blanc","12":"product_tag-chocolat","13":"product_tag-lait","14":"product_tag-vanille","15":"product_shipping_class-16","16":"infinite-scroll-item","17":"resize-featured-image","18":"sales-flash-overlay","19":"woocommerce-text-align-center","20":"woocommerce-image-align-center","21":"wc-has-gallery","23":"first","24":"instock","25":"taxable","26":"shipping-taxable","27":"purchasable","28":"product-type-simple"},"_links":{"self":[{"href":"https:\/\/clearchox.com\/fr\/wp-json\/wp\/v2\/product\/91226","targetHints":{"allow":["GET"]}}],"collection":[{"href":"https:\/\/clearchox.com\/fr\/wp-json\/wp\/v2\/product"}],"about":[{"href":"https:\/\/clearchox.com\/fr\/wp-json\/wp\/v2\/types\/product"}],"replies":[{"embeddable":true,"href":"https:\/\/clearchox.com\/fr\/wp-json\/wp\/v2\/comments?post=91226"}],"wp:featuredmedia":[{"embeddable":true,"href":"https:\/\/clearchox.com\/fr\/wp-json\/wp\/v2\/media\/91218"}],"wp:attachment":[{"href":"https:\/\/clearchox.com\/fr\/wp-json\/wp\/v2\/media?parent=91226"}],"wp:term":[{"taxonomy":"product_brand","embeddable":true,"href":"https:\/\/clearchox.com\/fr\/wp-json\/wp\/v2\/product_brand?post=91226"},{"taxonomy":"product_cat","embeddable":true,"href":"https:\/\/clearchox.com\/fr\/wp-json\/wp\/v2\/product_cat?post=91226"},{"taxonomy":"product_tag","embeddable":true,"href":"https:\/\/clearchox.com\/fr\/wp-json\/wp\/v2\/product_tag?post=91226"}],"curies":[{"name":"wp","href":"https:\/\/api.w.org\/{rel}","templated":true}]}}