{"id":91227,"date":"2025-11-02T18:13:45","date_gmt":"2025-11-02T18:13:45","guid":{"rendered":"https:\/\/clearchox.com\/fr\/?post_type=product&#038;p=91227"},"modified":"2026-03-26T13:20:03","modified_gmt":"2026-03-26T13:20:03","slug":"chocolat-madagascar-fine-noir-100-bio-ab","status":"publish","type":"product","link":"https:\/\/clearchox.com\/fr\/shop\/chocolat-madagascar-fine-noir-100-bio-ab\/","title":{"rendered":"Chocolat Madagascar Fine Noir 100% BIO\/AB"},"content":{"rendered":"<p>Du cacao fin 100% pur, enti\u00e8rement produit \u00e0 Madagascar: de la f\u00e8ve de cacao \u00e0 la tablette de chocolat finie. Et enti\u00e8rement biologique. C&rsquo;est formidable!<\/p>\n<p>&nbsp;<\/p>\n<p><strong>Remarques gustatives: <\/strong><strong><br \/>\nIngr\u00e9dients<\/strong> : f\u00e8ves de cacao. Contenu de cacao minimum 100 %.<\/p>\n<p><span style=\"color: #993300;\"><strong>Fabriqu\u00e9 dans un environnement qui fonctionne \u00e9galement avec du lait, du soja et des noix de cajou.<\/strong><\/span><\/p>\n<p>&nbsp;<\/p>\n<table border=\"0\" width=\"593\" cellspacing=\"0\" cellpadding=\"0\">\n<tbody>\n<tr>\n<td class=\"xl68\" width=\"333\" height=\"15\"><strong>Nutrition values\/N\u00e4hrwerte\/Voedingswaarde\/Information nutritionelles<\/strong><\/td>\n<td class=\"xl66\" width=\"260\"><strong>per\/pro\/per 100 g<\/strong><\/td>\n<\/tr>\n<tr>\n<td class=\"xl64\" height=\"15\">Energy\/Energie<\/td>\n<td class=\"xl65\">590 kcal \/ 2470 kJ<\/td>\n<\/tr>\n<tr>\n<td class=\"xl64\" height=\"15\">Fat\/Fett\/vetten\/lipides<\/td>\n<td class=\"xl65\">55 gr<\/td>\n<\/tr>\n<tr>\n<td class=\"xl64\" height=\"15\">of which saturated\/davon ges\u00e4ttigte Fetts\u00e4uren\/waarvan verzadigd\/dont acides gras saturis<\/td>\n<td class=\"xl65\"><\/td>\n<\/tr>\n<tr>\n<td class=\"xl64\" height=\"15\">Carbonhydrates\/Kohlenhydrate\/koolhydraten\/glucides<\/td>\n<td class=\"xl65\">8 gr<\/td>\n<\/tr>\n<tr>\n<td class=\"xl64\" height=\"15\">of which sugar\/davon Zucker\/dont sucre<\/td>\n<td class=\"xl65\">0 gr<\/td>\n<\/tr>\n<tr>\n<td class=\"xl64\" height=\"15\">Proteins\/Eiweiss\/eiwitten\/prot\u00e9ines<\/td>\n<td class=\"xl65\">9 gr<\/td>\n<\/tr>\n<tr>\n<td class=\"xl67\" height=\"15\">Salt\/Salz\/zout\/sel<\/td>\n<td class=\"xl63\"><\/td>\n<\/tr>\n<\/tbody>\n<\/table>\n<p>EAN 0715547889789<\/p>\n","protected":false},"excerpt":{"rendered":"<p>Du cacao fin 100 % pur, enti\u00e8rement produit \u00e0 Madagascar (de la f\u00e8ve de cacao \u00e0 la tablette de chocolat finie). Et enti\u00e8rement biologique. C&rsquo;est formidable!<\/p>\n","protected":false},"featured_media":91219,"comment_status":"open","ping_status":"closed","template":"","meta":[],"product_brand":[860],"product_cat":[734,735,15],"product_tag":[1132,1144,1146,1157],"class_list":{"0":"post-91227","1":"product","2":"type-product","3":"status-publish","4":"has-post-thumbnail","6":"product_brand-chocolat-madagascar","7":"product_cat-bean-to-bar","8":"product_cat-bio","9":"product_cat-chocolat","10":"product_tag-blanc","11":"product_tag-chocolat","12":"product_tag-lait","13":"product_tag-vanille","14":"product_shipping_class-16","15":"infinite-scroll-item","16":"resize-featured-image","17":"sales-flash-overlay","18":"woocommerce-text-align-center","19":"woocommerce-image-align-center","20":"wc-has-gallery","22":"first","23":"instock","24":"taxable","25":"shipping-taxable","26":"purchasable","27":"product-type-simple"},"_links":{"self":[{"href":"https:\/\/clearchox.com\/fr\/wp-json\/wp\/v2\/product\/91227","targetHints":{"allow":["GET"]}}],"collection":[{"href":"https:\/\/clearchox.com\/fr\/wp-json\/wp\/v2\/product"}],"about":[{"href":"https:\/\/clearchox.com\/fr\/wp-json\/wp\/v2\/types\/product"}],"replies":[{"embeddable":true,"href":"https:\/\/clearchox.com\/fr\/wp-json\/wp\/v2\/comments?post=91227"}],"wp:featuredmedia":[{"embeddable":true,"href":"https:\/\/clearchox.com\/fr\/wp-json\/wp\/v2\/media\/91219"}],"wp:attachment":[{"href":"https:\/\/clearchox.com\/fr\/wp-json\/wp\/v2\/media?parent=91227"}],"wp:term":[{"taxonomy":"product_brand","embeddable":true,"href":"https:\/\/clearchox.com\/fr\/wp-json\/wp\/v2\/product_brand?post=91227"},{"taxonomy":"product_cat","embeddable":true,"href":"https:\/\/clearchox.com\/fr\/wp-json\/wp\/v2\/product_cat?post=91227"},{"taxonomy":"product_tag","embeddable":true,"href":"https:\/\/clearchox.com\/fr\/wp-json\/wp\/v2\/product_tag?post=91227"}],"curies":[{"name":"wp","href":"https:\/\/api.w.org\/{rel}","templated":true}]}}