{"id":91229,"date":"2025-11-02T18:38:20","date_gmt":"2025-11-02T18:38:20","guid":{"rendered":"https:\/\/clearchox.com\/fr\/?post_type=product&#038;p=91229"},"modified":"2026-03-30T07:18:28","modified_gmt":"2026-03-30T07:18:28","slug":"chocolat-madagascar-chocolat-cru-aux-pepites-70","status":"publish","type":"product","link":"https:\/\/clearchox.com\/fr\/shop\/chocolat-madagascar-chocolat-cru-aux-pepites-70\/","title":{"rendered":"Chocolat Madagascar Chocolat cru aux p\u00e9pites 70%"},"content":{"rendered":"<p>Chocolat noir 70 % brut, grossi\u00e8rement moulu, avec des p\u00e9pites. Les f\u00e8ves de cacao ne sont pas torr\u00e9fi\u00e9es et sont transform\u00e9es en chocolat avec du sucre de canne non raffin\u00e9 provenant de la plantation Farahetana et des p\u00e9pites (morceaux de f\u00e8ves de cacao).<\/p>\n<p><strong>Remarques gustatives: <\/strong><strong><br \/>\nIngr\u00e9dients<\/strong> : f\u00e8ves de cacao de Madagascar, sucre de canne de la plantation Farahetana, pi\u00e8ces de f\u00e8ves de cacao. Au moins 70 % de masse de cacao s\u00e8che.<\/p>\n<p><span style=\"color: #993300;\"><strong>Fabriqu\u00e9 dans un environnement qui fonctionne \u00e9galement avec du lait, du soja et des noix de cajou.<\/strong><\/span><\/p>\n<p>&nbsp;<\/p>\n<table border=\"0\" width=\"593\" cellspacing=\"0\" cellpadding=\"0\">\n<tbody>\n<tr>\n<td class=\"xl68\" width=\"333\" height=\"15\"><strong>Nutrition values\/N\u00e4hrwerte\/Voedingswaarde\/Information nutritionelles<\/strong><\/td>\n<td class=\"xl66\" width=\"260\"><strong>per\/pro\/per 100 g<\/strong><\/td>\n<\/tr>\n<tr>\n<td class=\"xl64\" height=\"15\">Energy\/Energie<\/td>\n<td class=\"xl65\">534 kcal \/ 2234 kJ<\/td>\n<\/tr>\n<tr>\n<td class=\"xl64\" height=\"15\">Fat\/Fett\/vetten\/lipides<\/td>\n<td class=\"xl65\">34 gr<\/td>\n<\/tr>\n<tr>\n<td class=\"xl64\" height=\"15\">of which saturated\/davon ges\u00e4ttigte Fetts\u00e4uren\/waarvan verzadigd\/dont acides gras saturis<\/td>\n<td class=\"xl65\">20 gr<\/td>\n<\/tr>\n<tr>\n<td class=\"xl64\" height=\"15\">Carbonhydrates\/Kohlenhydrate\/koolhydraten\/glucides<\/td>\n<td class=\"xl65\">52 gr<\/td>\n<\/tr>\n<tr>\n<td class=\"xl64\" height=\"15\">of which sugar\/davon Zucker\/dont sucre<\/td>\n<td class=\"xl65\">30 gr<\/td>\n<\/tr>\n<tr>\n<td class=\"xl64\" height=\"15\">Proteins\/Eiweiss\/eiwitten\/prot\u00e9ines<\/td>\n<td class=\"xl65\">8 gr<\/td>\n<\/tr>\n<tr>\n<td class=\"xl67\" height=\"15\">Salt\/Salz\/zout\/sel<\/td>\n<td class=\"xl63\">0 gr<\/td>\n<\/tr>\n<\/tbody>\n<\/table>\n<p>EAN 0660989888992<\/p>\n","protected":false},"excerpt":{"rendered":"<p>Chocolat noir 70 % brut, grossi\u00e8rement moulu, avec des p\u00e9pites. Les f\u00e8ves de cacao ne sont pas torr\u00e9fi\u00e9es et sont transform\u00e9es en chocolat avec du sucre de canne non raffin\u00e9 provenant de la plantation Farahetana et des p\u00e9pites (morceaux de f\u00e8ves de cacao).<\/p>\n","protected":false},"featured_media":91224,"comment_status":"open","ping_status":"closed","template":"","meta":[],"product_brand":[860],"product_cat":[734,15,736],"product_tag":[1132,1144,1146,1157],"class_list":{"0":"post-91229","1":"product","2":"type-product","3":"status-publish","4":"has-post-thumbnail","6":"product_brand-chocolat-madagascar","7":"product_cat-bean-to-bar","8":"product_cat-chocolat","9":"product_cat-vegane","10":"product_tag-blanc","11":"product_tag-chocolat","12":"product_tag-lait","13":"product_tag-vanille","14":"product_shipping_class-16","15":"infinite-scroll-item","16":"resize-featured-image","17":"sales-flash-overlay","18":"woocommerce-text-align-center","19":"woocommerce-image-align-center","20":"wc-has-gallery","22":"first","23":"outofstock","24":"taxable","25":"shipping-taxable","26":"purchasable","27":"product-type-simple"},"_links":{"self":[{"href":"https:\/\/clearchox.com\/fr\/wp-json\/wp\/v2\/product\/91229","targetHints":{"allow":["GET"]}}],"collection":[{"href":"https:\/\/clearchox.com\/fr\/wp-json\/wp\/v2\/product"}],"about":[{"href":"https:\/\/clearchox.com\/fr\/wp-json\/wp\/v2\/types\/product"}],"replies":[{"embeddable":true,"href":"https:\/\/clearchox.com\/fr\/wp-json\/wp\/v2\/comments?post=91229"}],"wp:featuredmedia":[{"embeddable":true,"href":"https:\/\/clearchox.com\/fr\/wp-json\/wp\/v2\/media\/91224"}],"wp:attachment":[{"href":"https:\/\/clearchox.com\/fr\/wp-json\/wp\/v2\/media?parent=91229"}],"wp:term":[{"taxonomy":"product_brand","embeddable":true,"href":"https:\/\/clearchox.com\/fr\/wp-json\/wp\/v2\/product_brand?post=91229"},{"taxonomy":"product_cat","embeddable":true,"href":"https:\/\/clearchox.com\/fr\/wp-json\/wp\/v2\/product_cat?post=91229"},{"taxonomy":"product_tag","embeddable":true,"href":"https:\/\/clearchox.com\/fr\/wp-json\/wp\/v2\/product_tag?post=91229"}],"curies":[{"name":"wp","href":"https:\/\/api.w.org\/{rel}","templated":true}]}}