{"id":91230,"date":"2025-11-04T18:38:24","date_gmt":"2025-11-04T18:38:24","guid":{"rendered":"https:\/\/clearchox.com\/fr\/?post_type=product&#038;p=91230"},"modified":"2026-03-26T13:18:46","modified_gmt":"2026-03-26T13:18:46","slug":"georgia-ramon-madagascar-ottange-70","status":"publish","type":"product","link":"https:\/\/clearchox.com\/fr\/shop\/georgia-ramon-madagascar-ottange-70\/","title":{"rendered":"Georgia Ramon Madagascar 70 %"},"content":{"rendered":"<p>Le cacao utilis\u00e9 pour cette superbe tablette est produit par <a href=\"http:\/\/www.akessons-organic.com\/\" target=\"_blank\" rel=\"noopener\">Akesson&rsquo;s Plantation<\/a>.<\/p>\n<p><strong>Notes gustatives:<\/strong> agrumes tropicaux, \u00e9pices et miel, notes de noix grill\u00e9es.<br \/>\n<strong>Ingr\u00e9dients:<\/strong> f\u00e8ves de cacao de Madagascar, sucre de canne brut, beurre de cacao.<\/p>\n<p><span style=\"color: #993300;\"><strong><em>Peut contenir des traces d&rsquo;\u0153ufs, de noix, de cacahu\u00e8tes et de lait.<\/em><\/strong><\/span><\/p>\n<table width=\"593\">\n<tbody>\n<tr>\n<td width=\"333\"><strong>Voedingswaarde\/N\u00e4hrwerte\/Nutritional values\/Valeurs nutritionnelles<\/strong><\/td>\n<td width=\"260\"><strong>per\/pro\/per\/pour 100 g<\/strong><\/td>\n<\/tr>\n<tr>\n<td>Energie\/Energy\/Valeur \u00e9nerg\u00e9tique<\/td>\n<td>537 kCal \/ 2248 kJ<\/td>\n<\/tr>\n<tr>\n<td>Vet\/Fett\/Fat\/Lipides<\/td>\n<td>40 g<\/td>\n<\/tr>\n<tr>\n<td>waarvan verzadigd\/davon ges\u00e4ttigte Fetts\u00e4uren\/of which saturated\/dont acides gras satur\u00e9s<\/td>\n<td>24 g<\/td>\n<\/tr>\n<tr>\n<td>Koolhydraten\/Kohlenhydrate\/Carbohydrates\/Glucides<\/td>\n<td>35 g<\/td>\n<\/tr>\n<tr>\n<td>waarvan suiker\/davon Zucker\/of which sugar\/dont sucre<\/td>\n<td>30 g<\/td>\n<\/tr>\n<tr>\n<td>Eiwitten\/Eiweiss\/Proteins\/Prot\u00e9ines<\/td>\n<td>12 g<\/td>\n<\/tr>\n<tr>\n<td>Zout\/Salz\/Salt\/Sel<\/td>\n<td>0,01 g<\/td>\n<\/tr>\n<\/tbody>\n<\/table>\n<p>EAN: 4260441821206<\/p>\n","protected":false},"excerpt":{"rendered":"<p>Cette superbe tablette est fabriqu\u00e9e \u00e0 base du tout aussi superbe cacao de la plantation Akesson&rsquo;s \u00e0 Madagascar.<\/p>\n","protected":false},"featured_media":83819,"comment_status":"open","ping_status":"closed","template":"","meta":[],"product_brand":[77],"product_cat":[733,15,736],"product_tag":[24],"class_list":{"0":"post-91230","1":"product","2":"type-product","3":"status-publish","4":"has-post-thumbnail","6":"product_brand-georgia-ramon","7":"product_cat-awards","8":"product_cat-chocolat","9":"product_cat-vegane","10":"product_tag-visible","11":"product_shipping_class-16","12":"infinite-scroll-item","13":"resize-featured-image","14":"sales-flash-overlay","15":"woocommerce-text-align-center","16":"woocommerce-image-align-center","18":"first","19":"instock","20":"taxable","21":"shipping-taxable","22":"purchasable","23":"product-type-simple"},"_links":{"self":[{"href":"https:\/\/clearchox.com\/fr\/wp-json\/wp\/v2\/product\/91230","targetHints":{"allow":["GET"]}}],"collection":[{"href":"https:\/\/clearchox.com\/fr\/wp-json\/wp\/v2\/product"}],"about":[{"href":"https:\/\/clearchox.com\/fr\/wp-json\/wp\/v2\/types\/product"}],"replies":[{"embeddable":true,"href":"https:\/\/clearchox.com\/fr\/wp-json\/wp\/v2\/comments?post=91230"}],"wp:featuredmedia":[{"embeddable":true,"href":"https:\/\/clearchox.com\/fr\/wp-json\/wp\/v2\/media\/83819"}],"wp:attachment":[{"href":"https:\/\/clearchox.com\/fr\/wp-json\/wp\/v2\/media?parent=91230"}],"wp:term":[{"taxonomy":"product_brand","embeddable":true,"href":"https:\/\/clearchox.com\/fr\/wp-json\/wp\/v2\/product_brand?post=91230"},{"taxonomy":"product_cat","embeddable":true,"href":"https:\/\/clearchox.com\/fr\/wp-json\/wp\/v2\/product_cat?post=91230"},{"taxonomy":"product_tag","embeddable":true,"href":"https:\/\/clearchox.com\/fr\/wp-json\/wp\/v2\/product_tag?post=91230"}],"curies":[{"name":"wp","href":"https:\/\/api.w.org\/{rel}","templated":true}]}}