{"id":91251,"date":"2026-03-03T19:40:40","date_gmt":"2026-03-03T19:40:40","guid":{"rendered":"https:\/\/clearchox.com\/fr\/?post_type=product&#038;p=91251"},"modified":"2026-04-07T14:24:40","modified_gmt":"2026-04-07T14:24:40","slug":"ocelot-matcha-crunch-chocolat-noir-70-bio-ab","status":"publish","type":"product","link":"https:\/\/clearchox.com\/fr\/shop\/ocelot-matcha-crunch-chocolat-noir-70-bio-ab\/","title":{"rendered":"Ocelot &#8211; Matcha Crunch, chocolat noir 70 % BIO\/AB"},"content":{"rendered":"<p>La soci\u00e9t\u00e9 \u00c9cossaise Ocelot produit un chocolat exceptionnel \u00e0 tous points de vue. Non seulement gr\u00e2ce \u00e0 ses d\u00e9licieuses combinaisons de saveurs, mais aussi gr\u00e2ce \u00e0 son packaging durable et \u00e9l\u00e9gant. Pour le cacao, ou plus pr\u00e9cis\u00e9ment la p\u00e2te de chocolat, ils travaillent en \u00e9troite collaboration avec Original Beans.<\/p>\n<p>Une infusion minutieuse du chocolat noir Original Beans Virunga 70 % avec du Matcha Iri Genmaicha biologique, le prestigieux m\u00e9lange de th\u00e9 japonais compos\u00e9 de sencha, de matcha et de grains de riz brun grill\u00e9s.<\/p>\n<p>D\u00e9couvrez une puret\u00e9 irr\u00e9sistible, une douceur aromatique et un croquant addictif!<\/p>\n<p>Le Matcha Iri Genmaicha est cultiv\u00e9 et r\u00e9colt\u00e9 dans de petits champs de th\u00e9 biologiques appartenant \u00e0 des entreprises familiales dans les r\u00e9gions japonaises d&rsquo;Uji et de Kagoshima, r\u00e9put\u00e9es pour leurs sols fertiles et leur eau pure.<br \/>\nCe chocolat est fabriqu\u00e9 \u00e0 base de f\u00e8ves de cacao Amelonado rares, cultiv\u00e9es biologiquement par une coop\u00e9rative r\u00e9g\u00e9n\u00e9rative dans la for\u00eat tropicale du <a href=\"https:\/\/fr.wikipedia.org\/wiki\/Parc_national_des_Virunga\" target=\"_blank\" rel=\"noopener\">Parc national des Virunga<\/a>, \u00e0 l&rsquo;est de la <a href=\"https:\/\/fr.wikipedia.org\/wiki\/R%C3%A9publique_d%C3%A9mocratique_du_Congo\" target=\"_blank\" rel=\"noopener\">R\u00e9publique D\u00e9mocratique du Congo.<\/a><\/p>\n<p>Original Beans est un producteur de chocolat id\u00e9aliste. Il offre aux agriculteurs de cacao un revenu dit \u00ab viable \u00bb et leur verse m\u00eame pr\u00e8s du double de la prime Fairtrade. Mais il ne se contente pas de cela : il plante des arbres pour restaurer la for\u00eat, apprend aux agriculteurs \u00e0 transformer au mieux les f\u00e8ves de cacao et, bien s\u00fbr, met en place une p\u00e9pini\u00e8re pour les arbres \u00e0 cacao.<\/p>\n<p class=\"tw-data-text tw-text-large tw-ta\" dir=\"ltr\" data-placeholder=\"Vertaling\"><strong>Ingr\u00e9dients:<\/strong> p\u00e2te de cacao 59,65 %, sucre de canne brut 27,96 %, beurre de cacao 8,39 %, th\u00e9 Iri Genmaicha 4 %<\/p>\n<p class=\"tw-data-text tw-text-large tw-ta\" dir=\"ltr\" data-placeholder=\"Vertaling\"><span class=\"Y2IQFc\" lang=\"en\"><strong>Notes gustatives: L<\/strong>es notes fra\u00eeches, sucr\u00e9es et beurr\u00e9es du Matcha Iri Genmaicha sont intensifi\u00e9es par une subtile profondeur umami, qui s&rsquo;accorde parfaitement avec les saveurs terreuses, fruit\u00e9es et de th\u00e9 noir du chocolat Amelonado.<\/span><\/p>\n<p class=\"tw-data-text tw-text-large tw-ta\" dir=\"ltr\" data-placeholder=\"Vertaling\"><em><strong><span style=\"color: #993300;\">Fabriqu\u00e9 dans un environnement o\u00f9 du lait et des noix sont aussi utilis\u00e9s.<\/span><\/strong><\/em><\/p>\n<table width=\"593\">\n<tbody>\n<tr>\n<td width=\"333\"><strong>Nutritional values\/Voedingswaarde\/N\u00e4hrwerte\/Valeurs nutritionnelles<br \/>\n<\/strong><\/td>\n<td width=\"260\"><strong>per\/pro\/pour 100 g<\/strong><\/td>\n<\/tr>\n<tr>\n<td>Energy\/Energie\/Valeur \u00e9nerg\u00e9tique<\/td>\n<td>565 kCal \/ 2346 kJ<\/td>\n<\/tr>\n<tr>\n<td>Fat\/Vet\/Fett\/Lipides<\/td>\n<td>41 g<\/td>\n<\/tr>\n<tr>\n<td>of which saturated\/waarvan verzadigd\/davon ges\u00e4ttigte Fetts\u00e4uren\/dont acides gras satur\u00e9s<\/td>\n<td>25 g<\/td>\n<\/tr>\n<tr>\n<td>Carbohydrates\/Koolhydraten\/Kohlenhydrate\/Glucides<\/td>\n<td>35 g<\/td>\n<\/tr>\n<tr>\n<td>davon Zucker\/waarvan suiker\/of which sugar\/dont sucre<\/td>\n<td>28 g<\/td>\n<\/tr>\n<tr>\n<td>Nahrungsfasern\/voedingsvezels\/dietary fibres\/des fibres alimentaires<\/td>\n<td>6 g<\/td>\n<\/tr>\n<tr>\n<td>Protein\/Eiwit\/Eiweiss\/Prot\u00e9ine<\/td>\n<td>7 g<\/td>\n<\/tr>\n<tr>\n<td>Salt\/Zout\/Salz\/Sel<\/td>\n<td>0,03 g<\/td>\n<\/tr>\n<\/tbody>\n<\/table>\n<p>EAN: 0658556167649<\/p>\n","protected":false},"excerpt":{"rendered":"<p>Une infusion minutieuse du chocolat noir Original Beans Virunga 70 % avec du Matcha Iri Genmaicha biologique, le c\u00e9l\u00e8bre m\u00e9lange de th\u00e9 japonais compos\u00e9 de sencha, de matcha et de grains de riz brun grill\u00e9s.<\/p>\n","protected":false},"featured_media":91253,"comment_status":"open","ping_status":"closed","template":"","meta":[],"product_brand":[1101],"product_cat":[735,15],"product_tag":[24],"class_list":{"0":"post-91251","1":"product","2":"type-product","3":"status-publish","4":"has-post-thumbnail","6":"product_brand-ocelot","7":"product_cat-bio","8":"product_cat-chocolat","9":"product_tag-visible","10":"product_shipping_class-16","11":"infinite-scroll-item","12":"resize-featured-image","13":"sales-flash-overlay","14":"woocommerce-text-align-center","15":"woocommerce-image-align-center","16":"wc-has-gallery","18":"first","19":"instock","20":"taxable","21":"shipping-taxable","22":"purchasable","23":"product-type-simple"},"_links":{"self":[{"href":"https:\/\/clearchox.com\/fr\/wp-json\/wp\/v2\/product\/91251","targetHints":{"allow":["GET"]}}],"collection":[{"href":"https:\/\/clearchox.com\/fr\/wp-json\/wp\/v2\/product"}],"about":[{"href":"https:\/\/clearchox.com\/fr\/wp-json\/wp\/v2\/types\/product"}],"replies":[{"embeddable":true,"href":"https:\/\/clearchox.com\/fr\/wp-json\/wp\/v2\/comments?post=91251"}],"wp:featuredmedia":[{"embeddable":true,"href":"https:\/\/clearchox.com\/fr\/wp-json\/wp\/v2\/media\/91253"}],"wp:attachment":[{"href":"https:\/\/clearchox.com\/fr\/wp-json\/wp\/v2\/media?parent=91251"}],"wp:term":[{"taxonomy":"product_brand","embeddable":true,"href":"https:\/\/clearchox.com\/fr\/wp-json\/wp\/v2\/product_brand?post=91251"},{"taxonomy":"product_cat","embeddable":true,"href":"https:\/\/clearchox.com\/fr\/wp-json\/wp\/v2\/product_cat?post=91251"},{"taxonomy":"product_tag","embeddable":true,"href":"https:\/\/clearchox.com\/fr\/wp-json\/wp\/v2\/product_tag?post=91251"}],"curies":[{"name":"wp","href":"https:\/\/api.w.org\/{rel}","templated":true}]}}