{"id":273,"date":"2017-06-06T00:00:00","date_gmt":"2017-06-06T00:00:00","guid":{"rendered":"https:\/\/clearchox.com\/product\/naive-super-dark-rough-ground-80-bio\/"},"modified":"2026-03-30T15:03:10","modified_gmt":"2026-03-30T15:03:10","slug":"naive-rough-ground-75-bio","status":"publish","type":"product","link":"https:\/\/clearchox.com\/nl\/shop\/naive-rough-ground-75-bio\/","title":{"rendered":"Na\u00efve Rough Ground 75% BIO"},"content":{"rendered":"<p>Nachten in de (sub)tropen zijn zo donker dat je niets ziet. Je andere zintuigen werken dan scherper: je hoort elke zindering, je ruikt intenser. Het middernachtelijk concert van vogels, insecten en nachtdieren vormt, met haar heldere tonen, een saluut aan de duisternis. Luister aandachtig en ervaar hoe de kakofonie opeens de mooiste melodie blijkt te zijn die je ooit hebt gehoord. Inhaleer diep en neem de aroma\u2019s van de exotische planten tot je.<br \/>\nProef. De smaken van het woud doen je de nacht begrijpen.<\/p>\n<h2 align=\"LEFT\">Equator Collectie<\/h2>\n<p align=\"LEFT\">Chocolatier Domantas Uzpalis zegt hierover: &#8220;Voor mij bestaat het concept van de Equator Collectie daaruit dat ik ingredi\u00ebnten gebruik die uit \u00e9\u00e9n ecosysteem komen. Omdat het water, de aarde, de mineralen van een ecosysteem planten doet leven. En het is inherent daaraan dat levende dingen die samen groeien samen ook beter smaken.Iedere reep uit deze collectie is volledig gemaakt met ingredi\u00ebnten uit de omgeving van de evenaar die onze aarde omringt. Met heldere, intense smaken die samenvloeien in een huisgemaakte tropische chocolade. Vrienden, spring aan boord voor een oerwoudavontuur!&#8221;<em>\u00a0<\/em><\/p>\n<p align=\"LEFT\">De cacaobonen die Domantas gebruikt zijn een eigen blend van topkwaliteit zelf rechtstreeks ingekochte bonen, op dit moment voornamelijk afkomstig uit Venezuela.<\/p>\n<p><strong>Ingredi\u00ebnten<\/strong>: cacao ( 75%), suiker, cacaoboter.<\/p>\n<p><em><span style=\"color: #993300;\"><strong>Kan sporen van noten, pinda&#8217;s, sesam\u00a0en melk bevatten.<\/strong><\/span><\/em><\/p>\n<table width=\"593\">\n<tbody>\n<tr>\n<td width=\"333\"><strong>Voedingswaarde\/N\u00e4hrwerte\/Nutritional values\/Valeurs nutritionnelles<\/strong><\/td>\n<td width=\"260\"><strong>per\/pro\/per\/pour 100 g<\/strong><\/td>\n<\/tr>\n<tr>\n<td>Energie\/Energy\/Valeur \u00e9nerg\u00e9tique<\/td>\n<td>599 kcal \/ 2506 kJ<\/td>\n<\/tr>\n<tr>\n<td>Vet\/Fett\/Fat\/Lipides<\/td>\n<td>43 g<\/td>\n<\/tr>\n<tr>\n<td>waarvan verzadigd\/davon ges\u00e4ttigte Fetts\u00e4uren\/of which saturated\/dont acides gras satur\u00e9s<\/td>\n<td>25,5\u00a0g<\/td>\n<\/tr>\n<tr>\n<td>Koolhydraten\/Kohlenhydrate\/Carbohydrates\/Glucides<\/td>\n<td>38\u00a0g<\/td>\n<\/tr>\n<tr>\n<td>waarvan suiker\/davon Zucker\/of which sugar\/dont sucre<\/td>\n<td>33\u00a0g<\/td>\n<\/tr>\n<tr>\n<td>Eiwitten\/Eiweiss\/Proteins\/Prot\u00e9ines<\/td>\n<td>9,5\u00a0g<\/td>\n<\/tr>\n<tr>\n<td>Zout\/Salz\/Salt\/Sel<\/td>\n<td>0,017\u00a0g<\/td>\n<\/tr>\n<\/tbody>\n<\/table>\n<p>&nbsp;<\/p>\n","protected":false},"excerpt":{"rendered":"<p>De biologische cacaobonen van El Ceibo worden door Domantas Uzpalis omgetoverd in puur genot. Deze 75% tablet geeft een aroma van fruitig groene kruiden met een\u00a0 lange nasmaak van koffie en pruimen. Een vrolijk spektakel voor de smaakzin.<\/p>\n","protected":false},"featured_media":91452,"comment_status":"open","ping_status":"closed","template":"","meta":[],"product_brand":[100],"product_cat":[15,736],"product_tag":[1198,1238,1239,755,24],"class_list":{"0":"post-273","1":"product","2":"type-product","3":"status-publish","4":"has-post-thumbnail","6":"product_brand-naive","7":"product_cat-chocolade","8":"product_cat-vegan","9":"product_tag-chocolade","10":"product_tag-grof","11":"product_tag-structuur","12":"product_tag-vegan","13":"product_tag-visible","14":"product_shipping_class-16","15":"infinite-scroll-item","16":"resize-featured-image","17":"sales-flash-overlay","18":"woocommerce-text-align-center","19":"woocommerce-image-align-center","20":"wc-has-gallery","22":"first","23":"instock","24":"taxable","25":"shipping-taxable","26":"purchasable","27":"product-type-simple"},"_links":{"self":[{"href":"https:\/\/clearchox.com\/nl\/wp-json\/wp\/v2\/product\/273","targetHints":{"allow":["GET"]}}],"collection":[{"href":"https:\/\/clearchox.com\/nl\/wp-json\/wp\/v2\/product"}],"about":[{"href":"https:\/\/clearchox.com\/nl\/wp-json\/wp\/v2\/types\/product"}],"replies":[{"embeddable":true,"href":"https:\/\/clearchox.com\/nl\/wp-json\/wp\/v2\/comments?post=273"}],"wp:featuredmedia":[{"embeddable":true,"href":"https:\/\/clearchox.com\/nl\/wp-json\/wp\/v2\/media\/91452"}],"wp:attachment":[{"href":"https:\/\/clearchox.com\/nl\/wp-json\/wp\/v2\/media?parent=273"}],"wp:term":[{"taxonomy":"product_brand","embeddable":true,"href":"https:\/\/clearchox.com\/nl\/wp-json\/wp\/v2\/product_brand?post=273"},{"taxonomy":"product_cat","embeddable":true,"href":"https:\/\/clearchox.com\/nl\/wp-json\/wp\/v2\/product_cat?post=273"},{"taxonomy":"product_tag","embeddable":true,"href":"https:\/\/clearchox.com\/nl\/wp-json\/wp\/v2\/product_tag?post=273"}],"curies":[{"name":"wp","href":"https:\/\/api.w.org\/{rel}","templated":true}]}}