{"id":274,"date":"2017-06-06T00:00:00","date_gmt":"2017-06-06T00:00:00","guid":{"rendered":"https:\/\/clearchox.com\/product\/naive-golden-berry-bio\/"},"modified":"2026-04-09T10:38:16","modified_gmt":"2026-04-09T10:38:16","slug":"naive-goudbes-banaan-61","status":"publish","type":"product","link":"https:\/\/clearchox.com\/nl\/shop\/naive-goudbes-banaan-61\/","title":{"rendered":"Na\u00efve Goudbes &#038; Banaan 61%"},"content":{"rendered":"<h2>Heerlijke zuren<\/h2>\n<p>Het heldere oranje en groen van de goudbessen &#8211; die eruit zien als kleine tomaatjes &#8211; steekt fel af tegen de blauwe lucht. Hun friss, zurige, diepe rijpheid geeft je kippenvel. Kleine knapperige stukjes goudbes prikken op je tong, smelten, en vermengen zich met de zoete banaan en de romige donkere melkchocolade. Dit is een echte Inca-chocolade, zoet en zuur tegelijk. Men gelooft dat dit 3000 jaar oude recept door de Inca goden z\u00e9lf naar de aarde is gezonden.<\/p>\n<h2 align=\"LEFT\">De Equator Collectie<\/h2>\n<p align=\"LEFT\">Chocolatier Domantas Uzpalis zegt: \u201cVoor mij betekent de Equator Collectie dat ik ingredi\u00ebnten gebruik die uit \u00e9\u00e9n ecosysteem komen. Het water, de bodem, de mineralen van dat ene ecosysteem doet de planten leven. En planten die samen groeien, zullen ook beter samen smaken. Elke reep uit deze serie is gemaakt met ingredi\u00ebnten die dicht bij de evenaar groeien. Met heldere, intense aroma&#8217;s die zich vermengen tot een tropische chocolade. Vrienden: spring in een tropisch avontuur!<\/p>\n<p align=\"LEFT\">De cacaobonen die Domantas gebruikt zijn een eigen blend van topkwaliteit zelf rechtstreeks ingekochte bonen, op dit moment voornamelijk afkomstig uit Venezuela.<\/p>\n<p><strong>Ingredienten<\/strong>: cacao massa* (61%), suiker*, <em><strong>melk<\/strong><\/em> poeder*, cacao boter*, goudbessen*, banaan*.<\/p>\n<p><span class=\"Y2IQFc\" lang=\"en\">* = wildpluk of natuurlijke teelt<\/span><\/p>\n<p><strong><em>Kan sporen van noten, pinda&#8217;s en sesam bevatten.<\/em><br \/>\n<\/strong><\/p>\n<table width=\"593\">\n<tbody>\n<tr>\n<td width=\"333\"><strong>Nutritional values\/Voedingswaarde\/N\u00e4hrwerte\/Valeurs nutritionnelles<br \/>\n<\/strong><\/td>\n<td width=\"260\"><strong>per\/pro\/pour 100 g<\/strong><\/td>\n<\/tr>\n<tr>\n<td>Energy\/Energie\/Valeur \u00e9nerg\u00e9tique<\/td>\n<td>560 kcal \/ 2320 kJ<\/td>\n<\/tr>\n<tr>\n<td>Fat\/Vet\/Fett\/Lipides<\/td>\n<td>34 g<\/td>\n<\/tr>\n<tr>\n<td>of which saturated\/waarvan verzadigd\/davon ges\u00e4ttigte Fetts\u00e4uren\/dont acides gras satur\u00e9s<\/td>\n<td>17.5 g<\/td>\n<\/tr>\n<tr>\n<td>Carbohydrates\/Koolhydraten\/Kohlenhydrate\/Glucides<\/td>\n<td>53 g<\/td>\n<\/tr>\n<tr>\n<td>of which sugar\/waarvan suiker\/davon Zucker\/dont sucre<\/td>\n<td>36 g<\/td>\n<\/tr>\n<tr>\n<td>Proteins\/Eiwitten\/Eiweiss\/Prot\u00e9ines<\/td>\n<td>7.5 g<\/td>\n<\/tr>\n<tr>\n<td>Salt\/Zout\/Salz\/Sel<\/td>\n<td>0.0285 g<\/td>\n<\/tr>\n<\/tbody>\n<\/table>\n","protected":false},"excerpt":{"rendered":"<p>In deze reep wordt het veelzijdige fruitige aroma van cacao zonder disharmonie onderstreept door de exotische citrustoetsen van physalis. In combinatie met banaan en melk wordt het verhemelte gestreeld en worden de fruitige smaken afgerond. Een waarlijk goddelijk gerecht.<\/p>\n","protected":false},"featured_media":92588,"comment_status":"open","ping_status":"closed","template":"","meta":[],"product_brand":[100],"product_cat":[15],"product_tag":[1241,1198,1240,1208,24],"class_list":{"0":"post-274","1":"product","2":"type-product","3":"status-publish","4":"has-post-thumbnail","6":"product_brand-naive","7":"product_cat-chocolade","8":"product_tag-banaan","9":"product_tag-chocolade","10":"product_tag-goudbes","11":"product_tag-melk","12":"product_tag-visible","13":"product_shipping_class-16","14":"infinite-scroll-item","15":"resize-featured-image","16":"sales-flash-overlay","17":"woocommerce-text-align-center","18":"woocommerce-image-align-center","19":"wc-has-gallery","21":"first","22":"instock","23":"taxable","24":"shipping-taxable","25":"purchasable","26":"product-type-simple"},"_links":{"self":[{"href":"https:\/\/clearchox.com\/nl\/wp-json\/wp\/v2\/product\/274","targetHints":{"allow":["GET"]}}],"collection":[{"href":"https:\/\/clearchox.com\/nl\/wp-json\/wp\/v2\/product"}],"about":[{"href":"https:\/\/clearchox.com\/nl\/wp-json\/wp\/v2\/types\/product"}],"replies":[{"embeddable":true,"href":"https:\/\/clearchox.com\/nl\/wp-json\/wp\/v2\/comments?post=274"}],"wp:featuredmedia":[{"embeddable":true,"href":"https:\/\/clearchox.com\/nl\/wp-json\/wp\/v2\/media\/92588"}],"wp:attachment":[{"href":"https:\/\/clearchox.com\/nl\/wp-json\/wp\/v2\/media?parent=274"}],"wp:term":[{"taxonomy":"product_brand","embeddable":true,"href":"https:\/\/clearchox.com\/nl\/wp-json\/wp\/v2\/product_brand?post=274"},{"taxonomy":"product_cat","embeddable":true,"href":"https:\/\/clearchox.com\/nl\/wp-json\/wp\/v2\/product_cat?post=274"},{"taxonomy":"product_tag","embeddable":true,"href":"https:\/\/clearchox.com\/nl\/wp-json\/wp\/v2\/product_tag?post=274"}],"curies":[{"name":"wp","href":"https:\/\/api.w.org\/{rel}","templated":true}]}}