{"id":275,"date":"2017-06-07T00:00:00","date_gmt":"2017-06-07T00:00:00","guid":{"rendered":"https:\/\/clearchox.com\/product\/naive-peanut-butter-pindakaas-bio\/"},"modified":"2026-03-30T15:03:13","modified_gmt":"2026-03-30T15:03:13","slug":"naive-pindakaas-42","status":"publish","type":"product","link":"https:\/\/clearchox.com\/nl\/shop\/naive-pindakaas-42\/","title":{"rendered":"Na\u00efve Pindakaas 42%"},"content":{"rendered":"<p><strong>Melkchocolade met pindakaas<\/strong><br \/>\nDeze chocolade met pindakaas komt rechtstreeks van de duivel zelve. De chocolade is vermengd met de duivelshoorns en is zo verleidelijk dat het recept op de lijst van \u2019s werelds grootste zonden is opgenomen. Bijna vier dagen lang is de pindakaas door maagden geklopt en gekarnd. Op de vijfde dag kwam Lucifer erbij om er chocolade van te maken. De goddelijke tranen van de maagden zijn vermengd met het inferno, en deze pindakaaschocolade is geboren. Een reep is geboren. Zo verdraaid lekker\u2026<\/p>\n<h2 align=\"LEFT\">Equator Collectie<\/h2>\n<p align=\"LEFT\">Chocolatier Domantas Uzpalis zegt hierover: &#8220;Voor mij bestaat het concept van de Equator Collectie daaruit dat ik ingredi\u00ebnten gebruik die uit \u00e9\u00e9n ecosysteem komen. Omdat het water, de aarde, de mineralen van een ecosysteem planten doet leven. En het is inherent daaraan dat levende dingen die samen groeien samen ook beter smaken.<br \/>\nIedere reep uit deze collectie is volledig gemaakt met ingredi\u00ebnten uit de omgeving van de evenaar die onze aarde omringt. Met heldere, intense smaken die samenvloeien in een huisgemaakte tropische chocolade.<br \/>\nVrienden, spring aan boord voor een oerwoudavontuur!&#8221;<em>\u00a0<\/em><\/p>\n<p align=\"LEFT\">De cacaobonen die Domantas gebruikt zijn een eigen blend van topkwaliteit zelf rechtstreeks ingekochte bonen, op dit moment voornamelijk afkomstig uit Venezuela.<\/p>\n<p><strong>Ingredi\u00ebnten<\/strong>: cacaoboter (42%), suiker, cacao, <span style=\"color: #800000;\"><strong><em>melk<\/em><\/strong><\/span>poeder van grasgevoerde koeien, <span style=\"color: #800000;\"><strong><em>pinda\u2019s<\/em><\/strong><\/span>, zeezout.<\/p>\n<p><em><span style=\"color: #993300;\"><strong>Bevat melk en pinda&#8217;s. Kan sporen van noten en sesam bevatten.<\/strong><\/span><\/em><\/p>\n<table width=\"593\">\n<tbody>\n<tr>\n<td width=\"333\"><strong>Voedingswaarde\/N\u00e4hrwerte\/Nutritional values\/Valeurs nutritionnelles<\/strong><\/td>\n<td width=\"260\"><strong>per\/pro\/per\/pour 100 g<\/strong><\/td>\n<\/tr>\n<tr>\n<td>Energie\/Energy\/Valeur \u00e9nerg\u00e9tique<\/td>\n<td>727,5 kcal \/ 2243 kJ<\/td>\n<\/tr>\n<tr>\n<td>Vet\/Fett\/Fat\/Lipides<\/td>\n<td>41,8 g<\/td>\n<\/tr>\n<tr>\n<td>waarvan verzadigd\/davon ges\u00e4ttigte Fetts\u00e4uren\/of which saturated\/dont acides gras satur\u00e9s<\/td>\n<td>22,8\u00a0g<\/td>\n<\/tr>\n<tr>\n<td>Koolhydraten\/Kohlenhydrate\/Carbohydrates\/Glucides<\/td>\n<td>34\u00a0g<\/td>\n<\/tr>\n<tr>\n<td>waarvan suiker\/davon Zucker\/of which sugar\/dont sucre<\/td>\n<td>28,5\u00a0g<\/td>\n<\/tr>\n<tr>\n<td>Eiwitten\/Eiweiss\/Proteins\/Prot\u00e9ines<\/td>\n<td>7,5\u00a0g<\/td>\n<\/tr>\n<tr>\n<td>Zout\/Salz\/Salt\/Sel<\/td>\n<td>0,285\u00a0g<\/td>\n<\/tr>\n<\/tbody>\n<\/table>\n<p>&nbsp;<\/p>\n","protected":false},"excerpt":{"rendered":"<p>Deze 42% melkchocolade doet zijn naam eer aan. Zacht en romig smelt deze pinda-reep in de mond en maakt karamelzoete en boterachtige cacaoaroma&#8217;s vrij. De verleiding is groot om het in een keer op te eten. Zo verdraaid lekker is ie.<\/p>\n","protected":false},"featured_media":83954,"comment_status":"open","ping_status":"closed","template":"","meta":[],"product_brand":[100],"product_cat":[733,15],"product_tag":[1198,1208,1230,1231,1232,24],"class_list":{"0":"post-275","1":"product","2":"type-product","3":"status-publish","4":"has-post-thumbnail","6":"product_brand-naive","7":"product_cat-award","8":"product_cat-chocolade","9":"product_tag-chocolade","10":"product_tag-melk","11":"product_tag-pinda","12":"product_tag-pindakaas","13":"product_tag-prijs","14":"product_tag-visible","15":"product_shipping_class-16","16":"infinite-scroll-item","17":"resize-featured-image","18":"sales-flash-overlay","19":"woocommerce-text-align-center","20":"woocommerce-image-align-center","21":"wc-has-gallery","23":"first","24":"outofstock","25":"taxable","26":"shipping-taxable","27":"purchasable","28":"product-type-simple"},"_links":{"self":[{"href":"https:\/\/clearchox.com\/nl\/wp-json\/wp\/v2\/product\/275","targetHints":{"allow":["GET"]}}],"collection":[{"href":"https:\/\/clearchox.com\/nl\/wp-json\/wp\/v2\/product"}],"about":[{"href":"https:\/\/clearchox.com\/nl\/wp-json\/wp\/v2\/types\/product"}],"replies":[{"embeddable":true,"href":"https:\/\/clearchox.com\/nl\/wp-json\/wp\/v2\/comments?post=275"}],"wp:featuredmedia":[{"embeddable":true,"href":"https:\/\/clearchox.com\/nl\/wp-json\/wp\/v2\/media\/83954"}],"wp:attachment":[{"href":"https:\/\/clearchox.com\/nl\/wp-json\/wp\/v2\/media?parent=275"}],"wp:term":[{"taxonomy":"product_brand","embeddable":true,"href":"https:\/\/clearchox.com\/nl\/wp-json\/wp\/v2\/product_brand?post=275"},{"taxonomy":"product_cat","embeddable":true,"href":"https:\/\/clearchox.com\/nl\/wp-json\/wp\/v2\/product_cat?post=275"},{"taxonomy":"product_tag","embeddable":true,"href":"https:\/\/clearchox.com\/nl\/wp-json\/wp\/v2\/product_tag?post=275"}],"curies":[{"name":"wp","href":"https:\/\/api.w.org\/{rel}","templated":true}]}}