{"id":418,"date":"2018-08-06T00:00:00","date_gmt":"2018-08-06T00:00:00","guid":{"rendered":"https:\/\/clearchox.com\/product\/leaflet-kuna-set-van-10-stuks\/"},"modified":"2026-01-08T10:20:04","modified_gmt":"2026-01-08T10:20:04","slug":"leaflet-kuna-set-van-10-stuks","status":"publish","type":"product","link":"https:\/\/clearchox.com\/nl\/shop\/leaflet-kuna-set-van-10-stuks\/","title":{"rendered":"Leaflet Kun\u00e1 &#8211; set van 10 stuks"},"content":{"rendered":"<p>Laura Reiman schildert met chocolade de mensen achter de chocolade. <span style=\"float: none; background-color: transparent; color: #333333; cursor: text; font-family: Georgia,'Times New Roman','Bitstream Charter',Times,serif; font-size: 16px; font-style: normal; font-variant: normal; font-weight: 400; letter-spacing: normal; text-align: left; text-decoration: none; text-indent: 0px;\"> Fransisco uit Kindiurku is een Kichwa uit de Amazonas van Ecuador. Hij is lid van Asociaci\u00f3n Wi\u00f1ak, de co\u00f6peratie uit Archidona waar Kun\u00e1 heel nauw mee samenwerkt.<\/span><\/p>\n<p>ClearChox steunt het werk van Laura met het doel om chocolade een gezicht te geven.<a href=\"\/?page_id=45826\"> Kijk ook hier.<\/a><\/p>\n","protected":false},"excerpt":{"rendered":"<p>Geef mee aan uw ge\u00efnteresseerde klanten. Zij willen weten wat ze kopen en waar de chocola vandaan komt.<br \/>\nDit is het informatieblad over het merk Kun\u00e1. De voorzijde toont, in chocolade geschilderd, Fransisco uit Kindiurku. De achterzijde vertelt over het chocolademerk. We versturen ze in eenheden van 10 stuks.<\/p>\n","protected":false},"featured_media":84166,"comment_status":"open","ping_status":"closed","template":"","meta":[],"product_brand":[84],"product_cat":[731],"product_tag":[24],"class_list":{"0":"post-418","1":"product","2":"type-product","3":"status-publish","4":"has-post-thumbnail","6":"product_brand-serviceproducten-clearchox","7":"product_cat-serviceproduct","8":"product_tag-visible","9":"product_shipping_class-16","10":"infinite-scroll-item","11":"resize-featured-image","12":"sales-flash-overlay","13":"woocommerce-text-align-center","14":"woocommerce-image-align-center","15":"wc-has-gallery","17":"first","18":"instock","19":"taxable","20":"shipping-taxable","21":"purchasable","22":"product-type-simple"},"_links":{"self":[{"href":"https:\/\/clearchox.com\/nl\/wp-json\/wp\/v2\/product\/418","targetHints":{"allow":["GET"]}}],"collection":[{"href":"https:\/\/clearchox.com\/nl\/wp-json\/wp\/v2\/product"}],"about":[{"href":"https:\/\/clearchox.com\/nl\/wp-json\/wp\/v2\/types\/product"}],"replies":[{"embeddable":true,"href":"https:\/\/clearchox.com\/nl\/wp-json\/wp\/v2\/comments?post=418"}],"wp:featuredmedia":[{"embeddable":true,"href":"https:\/\/clearchox.com\/nl\/wp-json\/wp\/v2\/media\/84166"}],"wp:attachment":[{"href":"https:\/\/clearchox.com\/nl\/wp-json\/wp\/v2\/media?parent=418"}],"wp:term":[{"taxonomy":"product_brand","embeddable":true,"href":"https:\/\/clearchox.com\/nl\/wp-json\/wp\/v2\/product_brand?post=418"},{"taxonomy":"product_cat","embeddable":true,"href":"https:\/\/clearchox.com\/nl\/wp-json\/wp\/v2\/product_cat?post=418"},{"taxonomy":"product_tag","embeddable":true,"href":"https:\/\/clearchox.com\/nl\/wp-json\/wp\/v2\/product_tag?post=418"}],"curies":[{"name":"wp","href":"https:\/\/api.w.org\/{rel}","templated":true}]}}