{"id":498,"date":"2019-08-01T00:00:00","date_gmt":"2019-08-01T00:00:00","guid":{"rendered":"https:\/\/clearchox.com\/product\/auro-paquibato-puur-70\/"},"modified":"2026-02-17T08:48:59","modified_gmt":"2026-02-17T08:48:59","slug":"auro-paquibato-puur-70","status":"publish","type":"product","link":"https:\/\/clearchox.com\/nl\/shop\/auro-paquibato-puur-70\/","title":{"rendered":"Auro Paquibato Puur 70%"},"content":{"rendered":"<p>De Auro Reserve-collectie is zorgvuldig vervaardigd uit de beste bonen van \u00e9\u00e9n landgoed. Auro benadert elke vari\u00ebteit en elke oogst met een nieuw perspectief om de bijzondere kenmerken van de terroir naar voren te brengen.<\/p>\n<p><a href=\"https:\/\/www.philatlas.com\/mindanao\/r11\/davao-city\/paquibato.html\" target=\"_blank\" rel=\"noopener noreferrer\">Paquibato<\/a> is een gemeenschap van bijna 2.500 inwoners, die deel uit maakt van de stad <a href=\"https:\/\/nl.wikipedia.org\/wiki\/Davao_City\" target=\"_blank\" rel=\"noopener noreferrer\">Davao<\/a>, op het zuidelijke eiland <a href=\"https:\/\/nl.wikipedia.org\/wiki\/Mindanao\" target=\"_blank\" rel=\"noopener noreferrer\">Mindanao<\/a>. Davao was ooit het centrum van de cacaoteelt. Paquibato ligt aan de rand van deze metropool, in de plooien van de tropische bergen.<\/p>\n<hr \/>\n<p><b>Smaaktonen<\/b>:<span lang=\"DE\"> bloemig, noten, hints van rozijnen en ananas.<br \/>\n<b>Ingredi\u00ebnten<\/b>: cacaobonen, rietsuiker, cacaoboter.<br \/>\n<\/span><\/p>\n<p><em><strong><span style=\"color: #993300\">Kan sporen van melk, noten, pinda&#8217;s en soja bevatten.<\/span><\/strong><\/em><\/p>\n<table width=\"593\">\n<tbody>\n<tr>\n<td width=\"333\"><strong>N\u00e4hrwerte\/Nutritional values\/Voedingswaarde\/Valeurs nutritionnelles<\/strong><\/td>\n<td width=\"260\"><strong>pro\/per\/pour 100 g<\/strong><\/td>\n<\/tr>\n<tr>\n<td>Energie\/Energy\/Energie\/Valeur \u00e9nerg\u00e9tique<\/td>\n<td>550 kcal \/ 2301 kJ<\/td>\n<\/tr>\n<tr>\n<td>Fett\/Fat\/Vet\/Lipides<\/td>\n<td>38 g<\/td>\n<\/tr>\n<tr>\n<td>davon ges\u00e4ttigte Fetts\u00e4uren\/of which saturated fatty acids\/waarvan verzadigd\/dont acides gras satur\u00e9s<\/td>\n<td>23 g<\/td>\n<\/tr>\n<tr>\n<td>Kohlenhydrate\/Carbohydrates\/Koolhydraten\/Glucides<\/td>\n<td>46 g<\/td>\n<\/tr>\n<tr>\n<td>davon Zucker\/of which sugar\/waarvan suiker\/dont sucre<\/td>\n<td>30 g<\/td>\n<\/tr>\n<tr>\n<td>Eiweiss\/Protein\/Eiwit\/Prot\u00e9ine<\/td>\n<td>8 g<\/td>\n<\/tr>\n<tr>\n<td>Salz\/Salt\/Zout\/Sel<\/td>\n<td>2 mg (0,002 g)<\/td>\n<\/tr>\n<\/tbody>\n<\/table>\n<p>EAN<\/p>\n","protected":false},"excerpt":{"rendered":"<p>Paquibato ligt midden in het tropische regenwoud. De kokospalmen en andere fruitbomen geven de chocolade een bloemige en nootachtige smaak met een vleug van rozijnen en ananas.<\/p>\n","protected":false},"featured_media":84362,"comment_status":"open","ping_status":"closed","template":"","meta":[],"product_brand":[116],"product_cat":[733,15,734,736],"product_tag":[24],"class_list":{"0":"post-498","1":"product","2":"type-product","3":"status-publish","4":"has-post-thumbnail","6":"product_brand-auro","7":"product_cat-award","8":"product_cat-chocolade","9":"product_cat-herkomstchocolade","10":"product_cat-vegan","11":"product_tag-visible","12":"product_shipping_class-16","13":"infinite-scroll-item","14":"resize-featured-image","15":"sales-flash-overlay","16":"woocommerce-text-align-center","17":"woocommerce-image-align-center","18":"wc-has-gallery","20":"first","21":"outofstock","22":"taxable","23":"shipping-taxable","24":"purchasable","25":"product-type-simple"},"_links":{"self":[{"href":"https:\/\/clearchox.com\/nl\/wp-json\/wp\/v2\/product\/498","targetHints":{"allow":["GET"]}}],"collection":[{"href":"https:\/\/clearchox.com\/nl\/wp-json\/wp\/v2\/product"}],"about":[{"href":"https:\/\/clearchox.com\/nl\/wp-json\/wp\/v2\/types\/product"}],"replies":[{"embeddable":true,"href":"https:\/\/clearchox.com\/nl\/wp-json\/wp\/v2\/comments?post=498"}],"wp:featuredmedia":[{"embeddable":true,"href":"https:\/\/clearchox.com\/nl\/wp-json\/wp\/v2\/media\/84362"}],"wp:attachment":[{"href":"https:\/\/clearchox.com\/nl\/wp-json\/wp\/v2\/media?parent=498"}],"wp:term":[{"taxonomy":"product_brand","embeddable":true,"href":"https:\/\/clearchox.com\/nl\/wp-json\/wp\/v2\/product_brand?post=498"},{"taxonomy":"product_cat","embeddable":true,"href":"https:\/\/clearchox.com\/nl\/wp-json\/wp\/v2\/product_cat?post=498"},{"taxonomy":"product_tag","embeddable":true,"href":"https:\/\/clearchox.com\/nl\/wp-json\/wp\/v2\/product_tag?post=498"}],"curies":[{"name":"wp","href":"https:\/\/api.w.org\/{rel}","templated":true}]}}