{"id":499,"date":"2019-08-01T00:00:00","date_gmt":"2019-08-01T00:00:00","guid":{"rendered":"https:\/\/clearchox.com\/product\/auro-mana-puur-85\/"},"modified":"2026-03-30T15:02:55","modified_gmt":"2026-03-30T15:02:55","slug":"auro-mana-puur-85","status":"publish","type":"product","link":"https:\/\/clearchox.com\/nl\/shop\/auro-mana-puur-85\/","title":{"rendered":"Auro Mana Puur 85%"},"content":{"rendered":"<p>De Auro Reserve-collectie is zorgvuldig vervaardigd uit de beste bonen van \u00e9\u00e9n landgoed. Auro benadert elke vari\u00ebteit en elke oogst met een nieuw perspectief om de bijzondere kenmerken van de terroir naar voren te brengen.<\/p>\n<p>Mana betekent erfenis in het Filipijns. De oorsprong van deze cacao is Saloy. De boeren daar plantten de bomen veertig of vijftig jaar geleden en deze zijn overgegaan op de volgende generaties. Daarom is het erfgoed, vandaar de naam Mana. Het verschil met de andere Saloy-repen is dat Mana is verwerkt met een ander protocol om een ander product te maken. Eentje zonder cacaoboter.<\/p>\n<hr \/>\n<p><b>Smaaktonen<\/b>:<span lang=\"DE\"> zie diagram.<br \/>\n<b>Ingredi\u00ebnten<\/b>: cacaobonen, rietsuiker.<br \/>\n<\/span><\/p>\n<p><em><strong><span style=\"color: #993300\">Kan sporen van melk, noten, pinda&#8217;s en soja bevatten.<\/span><\/strong><\/em><\/p>\n<table width=\"593\">\n<tbody>\n<tr>\n<td width=\"333\"><strong>N\u00e4hrwerte\/Nutritional values\/Voedingswaarde\/Valeurs nutritionnelles<\/strong><\/td>\n<td width=\"260\"><strong>pro\/per\/pour 100 g<\/strong><\/td>\n<\/tr>\n<tr>\n<td>Energie\/Energy\/Energie\/Valeur \u00e9nerg\u00e9tique<\/td>\n<td>570 kcal \/ 2385 kJ<\/td>\n<\/tr>\n<tr>\n<td>Fett\/Fat\/Vet\/Lipides<\/td>\n<td>43 g<\/td>\n<\/tr>\n<tr>\n<td>davon ges\u00e4ttigte Fetts\u00e4uren\/of which saturated fatty acids\/waarvan verzadigd\/dont acides gras satur\u00e9s<\/td>\n<td>26 g<\/td>\n<\/tr>\n<tr>\n<td>Kohlenhydrate\/Carbohydrates\/Koolhydraten\/Glucides<\/td>\n<td>35 g<\/td>\n<\/tr>\n<tr>\n<td>davon Zucker\/of which sugar\/waarvan suiker\/dont sucre<\/td>\n<td>15 g<\/td>\n<\/tr>\n<tr>\n<td>Eiweiss\/Protein\/Eiwit\/Prot\u00e9ine<\/td>\n<td>10 g<\/td>\n<\/tr>\n<tr>\n<td>Salz\/Salt\/Zout\/Sel<\/td>\n<td>2 mg (0,002 g)<\/td>\n<\/tr>\n<\/tbody>\n<\/table>\n<p>EAN<\/p>\n","protected":false},"excerpt":{"rendered":"<p>Vijftig jaar geleden plantten boeren in Saloy hun bomen. Hun kinderen en kleinkinderen zijn nu cacaotelers. Deze reep is Saloy, maar nu 85% en zonder cacaoboter.<\/p>\n","protected":false},"featured_media":84365,"comment_status":"open","ping_status":"closed","template":"","meta":[],"product_brand":[116],"product_cat":[15,734,736],"product_tag":[24],"class_list":{"0":"post-499","1":"product","2":"type-product","3":"status-publish","4":"has-post-thumbnail","6":"product_brand-auro","7":"product_cat-chocolade","8":"product_cat-herkomstchocolade","9":"product_cat-vegan","10":"product_tag-visible","11":"product_shipping_class-16","12":"infinite-scroll-item","13":"resize-featured-image","14":"sales-flash-overlay","15":"woocommerce-text-align-center","16":"woocommerce-image-align-center","17":"wc-has-gallery","19":"first","20":"instock","21":"taxable","22":"shipping-taxable","23":"purchasable","24":"product-type-simple"},"_links":{"self":[{"href":"https:\/\/clearchox.com\/nl\/wp-json\/wp\/v2\/product\/499","targetHints":{"allow":["GET"]}}],"collection":[{"href":"https:\/\/clearchox.com\/nl\/wp-json\/wp\/v2\/product"}],"about":[{"href":"https:\/\/clearchox.com\/nl\/wp-json\/wp\/v2\/types\/product"}],"replies":[{"embeddable":true,"href":"https:\/\/clearchox.com\/nl\/wp-json\/wp\/v2\/comments?post=499"}],"wp:featuredmedia":[{"embeddable":true,"href":"https:\/\/clearchox.com\/nl\/wp-json\/wp\/v2\/media\/84365"}],"wp:attachment":[{"href":"https:\/\/clearchox.com\/nl\/wp-json\/wp\/v2\/media?parent=499"}],"wp:term":[{"taxonomy":"product_brand","embeddable":true,"href":"https:\/\/clearchox.com\/nl\/wp-json\/wp\/v2\/product_brand?post=499"},{"taxonomy":"product_cat","embeddable":true,"href":"https:\/\/clearchox.com\/nl\/wp-json\/wp\/v2\/product_cat?post=499"},{"taxonomy":"product_tag","embeddable":true,"href":"https:\/\/clearchox.com\/nl\/wp-json\/wp\/v2\/product_tag?post=499"}],"curies":[{"name":"wp","href":"https:\/\/api.w.org\/{rel}","templated":true}]}}