{"id":501,"date":"2019-08-01T00:00:00","date_gmt":"2019-08-01T00:00:00","guid":{"rendered":"https:\/\/clearchox.com\/product\/auro-saloy-100-cacao\/"},"modified":"2026-01-28T09:02:43","modified_gmt":"2026-01-28T09:02:43","slug":"auro-saloy-100-cacao","status":"publish","type":"product","link":"https:\/\/clearchox.com\/nl\/shop\/auro-saloy-100-cacao\/","title":{"rendered":"Auro Saloy 100% Cacao"},"content":{"rendered":"<p>De Auro Reserve-collectie is zorgvuldig vervaardigd uit de beste bonen van \u00e9\u00e9n landgoed. Auro benadert elke vari\u00ebteit en elke oogst met een nieuw perspectief om de bijzondere kenmerken van de terroir naar voren te brengen.<\/p>\n<div class=\"QmZWSe\">\n<div class=\"DHcWmd\">\n<div id=\"tw-target\">\n<div id=\"kAz1tf\" class=\"g9WsWb\">\n<div id=\"tw-target-text-container\" class=\"tw-ta-container F0azHf tw-nfl\">\n<p id=\"tw-target-text\" class=\"tw-data-text tw-text-large tw-ta\" dir=\"ltr\" data-placeholder=\"Vertaling\"><span class=\"Y2IQFc\" lang=\"nl\">Saloy is een gemeenschap van iets minder dan 2100 inwoners die deel uitmaakt van Davao City, op het zuidelijke Filipijnse eiland Mindanao. Davao was ooit het centrum van de cacaoteelt. Saloy ligt eigenlijk ver buiten de stadsgrenzen van Davao en ligt in een bergachtig tropisch bos.<\/span><\/p>\n<\/div>\n<\/div>\n<\/div>\n<\/div>\n<\/div>\n<hr \/>\n<p><b>Smaaktonen<\/b>:<span lang=\"DE\"> kruiden, bergamot en kersen.<br \/>\n<b>Ingredi\u00ebnten<\/b>: cacaobonen.<br \/>\n<\/span><\/p>\n<p><em><strong><span style=\"color: #993300\">Kan sporen van melk, noten, pinda&#8217;s en soja bevatten.<\/span><\/strong><\/em><\/p>\n<table width=\"593\">\n<tbody>\n<tr>\n<td width=\"333\"><strong>N\u00e4hrwerte\/Nutritional values\/Voedingswaarde\/Valeurs nutritionnelles<\/strong><\/td>\n<td width=\"260\"><strong>pro\/per\/pour 100 g<\/strong><\/td>\n<\/tr>\n<tr>\n<td>Energie\/Energy\/Energie\/Valeur \u00e9nerg\u00e9tique<\/td>\n<td>600 kcal \/ 2510 kJ<\/td>\n<\/tr>\n<tr>\n<td>Fett\/Fat\/Vet\/Lipides<\/td>\n<td>51 g<\/td>\n<\/tr>\n<tr>\n<td>davon ges\u00e4ttigte Fetts\u00e4uren\/of which saturated fatty acids\/waarvan verzadigd\/dont acides gras satur\u00e9s<\/td>\n<td>31 g<\/td>\n<\/tr>\n<tr>\n<td>Kohlenhydrate\/Carbohydrates\/Koolhydraten\/Glucides<\/td>\n<td>24 g<\/td>\n<\/tr>\n<tr>\n<td>davon Zucker\/of which sugar\/waarvan suiker\/dont sucre<\/td>\n<td>1 g<\/td>\n<\/tr>\n<tr>\n<td>Eiweiss\/Protein\/Eiwit\/Prot\u00e9ine<\/td>\n<td>12 g<\/td>\n<\/tr>\n<tr>\n<td>Salz\/Salt\/Zout\/Sel<\/td>\n<td>3 mg (0,003 g)<\/td>\n<\/tr>\n<\/tbody>\n<\/table>\n<p>EAN<\/p>\n","protected":false},"excerpt":{"rendered":"<p>Gelegen in de tropische bergen, wordt Saloy gevoed met vers bronwater dat door de weelderige bossen stroomt en de cacao een zeer dynamische smaak geeft.<\/p>\n","protected":false},"featured_media":84372,"comment_status":"open","ping_status":"closed","template":"","meta":[],"product_brand":[116],"product_cat":[15,734,736],"product_tag":[24],"class_list":{"0":"post-501","1":"product","2":"type-product","3":"status-publish","4":"has-post-thumbnail","6":"product_brand-auro","7":"product_cat-chocolade","8":"product_cat-herkomstchocolade","9":"product_cat-vegan","10":"product_tag-visible","11":"product_shipping_class-16","12":"infinite-scroll-item","13":"resize-featured-image","14":"sales-flash-overlay","15":"woocommerce-text-align-center","16":"woocommerce-image-align-center","17":"wc-has-gallery","19":"first","20":"outofstock","21":"taxable","22":"shipping-taxable","23":"purchasable","24":"product-type-simple"},"_links":{"self":[{"href":"https:\/\/clearchox.com\/nl\/wp-json\/wp\/v2\/product\/501","targetHints":{"allow":["GET"]}}],"collection":[{"href":"https:\/\/clearchox.com\/nl\/wp-json\/wp\/v2\/product"}],"about":[{"href":"https:\/\/clearchox.com\/nl\/wp-json\/wp\/v2\/types\/product"}],"replies":[{"embeddable":true,"href":"https:\/\/clearchox.com\/nl\/wp-json\/wp\/v2\/comments?post=501"}],"wp:featuredmedia":[{"embeddable":true,"href":"https:\/\/clearchox.com\/nl\/wp-json\/wp\/v2\/media\/84372"}],"wp:attachment":[{"href":"https:\/\/clearchox.com\/nl\/wp-json\/wp\/v2\/media?parent=501"}],"wp:term":[{"taxonomy":"product_brand","embeddable":true,"href":"https:\/\/clearchox.com\/nl\/wp-json\/wp\/v2\/product_brand?post=501"},{"taxonomy":"product_cat","embeddable":true,"href":"https:\/\/clearchox.com\/nl\/wp-json\/wp\/v2\/product_cat?post=501"},{"taxonomy":"product_tag","embeddable":true,"href":"https:\/\/clearchox.com\/nl\/wp-json\/wp\/v2\/product_tag?post=501"}],"curies":[{"name":"wp","href":"https:\/\/api.w.org\/{rel}","templated":true}]}}