{"id":87,"date":"2014-05-02T00:00:00","date_gmt":"2014-05-02T00:00:00","guid":{"rendered":"https:\/\/clearchox.com\/product\/kuna-25-kg-drops-71-napo-amazonas-bio\/"},"modified":"2026-01-28T16:22:40","modified_gmt":"2026-01-28T16:22:40","slug":"kuna-25-kg-drops-71-napo-amazonas-bio","status":"publish","type":"product","link":"https:\/\/clearchox.com\/nl\/shop\/kuna-25-kg-drops-71-napo-amazonas-bio\/","title":{"rendered":"Kun\u00e1 2,5 kg Drops 71% Napo Amazonas BIO"},"content":{"rendered":"<p><strong>Cacao drops (korrels) van de meest verfijnde cacaosoorten, de Nacional (Arriba) uit Ecuador, met een rijk aroma. Gezoet met panela (ongeraffineerd rietsuiker). Volledig biologisch.<\/strong><\/p>\n<p><a title=\"De Gulle Waard\" href=\"http:\/\/www.gullewaard.nl\/webstek\/\" target=\"_blank\" rel=\"noopener noreferrer\"> De Gulle Waard <\/a>(Winterswijk), <a title=\"De Nieuwe Winkel\" href=\"http:\/\/www.denieuwewinkel.com\/\" target=\"_blank\" rel=\"noopener noreferrer\">De Nieuwe Winkel <\/a>(Nijmegen), <a title=\"Look Eten &amp; Drinken\" href=\"http:\/\/www.looketenendrinken.nl\/\" target=\"_blank\" rel=\"noopener noreferrer\">Look Eten &amp; Drinken <\/a>(Arnhem) maken al gebruik van Kun\u00e1 couvertures (klik op de afbeelding voor een vergroting):<br \/>\n<a href=\"https:\/\/clearchox.com\/nl\/wp-content\/uploads\/sites\/11\/2019\/11\/Drie-chefs-met-Kun\u00e1.jpg\"><img loading=\"lazy\" decoding=\"async\" class=\"alignnone size-full wp-image-12940\" src=\"https:\/\/clearchox.com\/nl\/wp-content\/uploads\/sites\/11\/2019\/11\/Drie-chefs-met-Kun\u00e1.jpg\" alt=\"Drie chefs met Kun\u00e1\" width=\"1290\" height=\"373\" \/><\/a><\/p>\n<h4>Dit is meer dan fairtrade en bovendien transparant.<\/h4>\n<p>Kun\u00e1 is de chocolade van de <em>Kichwa-co\u00f6peratie Wi\u00f1ak<\/em> uit Archidona, Napo (Amazonas), Ecuador.<\/p>\n<p>De leden van de co\u00f6peratie wonen in de <a href=\"http:\/\/www.unesco.org\/mabdb\/br\/brdir\/directory\/biores.asp?code=ECU+03&amp;mode=all\" target=\"_blank\" rel=\"noopener noreferrer\">Unesco biosfeer Sumaco<\/a>. De cacao wordt geteeld door families in zogenaamde chakra&#8217;s. Dat zijn stukken oerwoud die ze als &#8217;tuin&#8217; gebruiken. Met alle respect voor de natuur. Per definitie biologisch, per definitie veel meer dan fairtrade.<\/p>\n<p><a title=\"Cacao van de Kichwa, uit het Unesco biosfeer Sumaco\" href=\"http:\/\/www.cllhocoweb.nl\/cacao-uit-het-unesco-biosfeer-sumaco\/\" target=\"_blank\" rel=\"noopener\">Lees hier meer over chocolade van de Kichwa<\/a><\/p>\n<p><strong>Ingredi\u00ebnten: <\/strong>cacaomassa*, cacaoboter*, panela\/oersuiker (ongeraffineerde rietsuiker)*. *Biologische landbouw.<\/p>\n","protected":false},"excerpt":{"rendered":"<p>Couvertures, drops, voor kookdoeleinden. 71% cacao van de meest verfijnde soort die er is, de Nacional uit de Amazone van Ecuador.<\/p>\n","protected":false},"featured_media":91432,"comment_status":"open","ping_status":"closed","template":"","meta":[],"product_brand":[56],"product_cat":[737,735,15,734,736],"product_tag":[747,24],"class_list":{"0":"post-87","1":"product","2":"type-product","3":"status-publish","4":"has-post-thumbnail","6":"product_brand-kuna","7":"product_cat-allergeenvrij","8":"product_cat-biologisch","9":"product_cat-chocolade","10":"product_cat-herkomstchocolade","11":"product_cat-vegan","12":"product_tag-drops","13":"product_tag-visible","14":"product_shipping_class-16","15":"infinite-scroll-item","16":"resize-featured-image","17":"sales-flash-overlay","18":"woocommerce-text-align-center","19":"woocommerce-image-align-center","20":"wc-has-gallery","22":"first","23":"instock","24":"taxable","25":"shipping-taxable","26":"purchasable","27":"product-type-simple"},"_links":{"self":[{"href":"https:\/\/clearchox.com\/nl\/wp-json\/wp\/v2\/product\/87","targetHints":{"allow":["GET"]}}],"collection":[{"href":"https:\/\/clearchox.com\/nl\/wp-json\/wp\/v2\/product"}],"about":[{"href":"https:\/\/clearchox.com\/nl\/wp-json\/wp\/v2\/types\/product"}],"replies":[{"embeddable":true,"href":"https:\/\/clearchox.com\/nl\/wp-json\/wp\/v2\/comments?post=87"}],"wp:featuredmedia":[{"embeddable":true,"href":"https:\/\/clearchox.com\/nl\/wp-json\/wp\/v2\/media\/91432"}],"wp:attachment":[{"href":"https:\/\/clearchox.com\/nl\/wp-json\/wp\/v2\/media?parent=87"}],"wp:term":[{"taxonomy":"product_brand","embeddable":true,"href":"https:\/\/clearchox.com\/nl\/wp-json\/wp\/v2\/product_brand?post=87"},{"taxonomy":"product_cat","embeddable":true,"href":"https:\/\/clearchox.com\/nl\/wp-json\/wp\/v2\/product_cat?post=87"},{"taxonomy":"product_tag","embeddable":true,"href":"https:\/\/clearchox.com\/nl\/wp-json\/wp\/v2\/product_tag?post=87"}],"curies":[{"name":"wp","href":"https:\/\/api.w.org\/{rel}","templated":true}]}}