{"id":90405,"date":"2020-09-06T18:19:39","date_gmt":"2020-09-06T18:19:39","guid":{"rendered":"https:\/\/clearchox.com\/nl\/?post_type=product&#038;p=90405"},"modified":"2026-04-09T10:38:33","modified_gmt":"2026-04-09T10:38:33","slug":"naive-citroen-zoethout-66","status":"publish","type":"product","link":"https:\/\/clearchox.com\/nl\/shop\/naive-citroen-zoethout-66\/","title":{"rendered":"Na\u00efve Citroen Zoethout 66%"},"content":{"rendered":"<p><strong>Pure chocolade met citroen en zoethout<\/strong><br \/>\nDe donkere wortels van het zoethout zuigen hun smaak op uit de diepe oceanen van de kosmos. De complexe en buitengewone zoethout-smaaktonen ontwikkelen zich langzaam door zich te verbinden met minuscule citroendeeltjes. En als de tijd daar is, worden deze deeltjes overgeheveld in een pure chocoladereep. De symbiose van zoethout, citroen en chocolade is zo bijzonder, dat het gewoonweg niet onverschillig kan worden geproefd \u2013 deze smaakcombinatie is alleen voor de meest dapperen onder ons!<\/p>\n<h2 align=\"LEFT\">Evenaar Collectie<\/h2>\n<p align=\"LEFT\">Chocolatier Domantas Uzpalis zegt hierover: &#8220;Voor mij bestaat het concept van de Evenaar Collectie daaruit dat ik ingredi\u00ebnten gebruik die uit \u00e9\u00e9n ecosysteem komen. Omdat het water, de aarde, de mineralen van een ecosysteem planten doet leven. En het is inherent daaraan dat levende dingen die samen groeien samen ook beter smaken.<br \/>\nIedere reep uit deze collectie is volledig gemaakt met ingredi\u00ebnten uit de omgeving van de evenaar die onze aarde omringt. Met heldere, intense smaken die samenvloeien in een huisgemaakte tropische chocolade.<br \/>\nVrienden, spring aan boord voor een oerwoudavontuur!&#8221;<em>\u00a0<\/em><\/p>\n<p align=\"LEFT\">De cacaobonen die Domantas gebruikt zijn een eigen blend van topkwaliteit zelf rechtstreeks ingekochte bonen, op dit moment voornamelijk afkomstig uit Venezuela.<\/p>\n<p><strong>Ingredi\u00ebnten<\/strong>: cacao* (66%), suiker*, cacaoboter*, zoethout* (10%), citroen (5%), zeezout (1%).<br \/>\n* = wild of uit natuurlijke landbouw.<\/p>\n<p><em><span style=\"color: #993300;\"><strong>Kan sporen van noten, melk, sesam, zonnebloemen, gerst en pinda&#8217;s bevatten.<\/strong><\/span><\/em><\/p>\n<table width=\"593\">\n<tbody>\n<tr>\n<td width=\"333\"><strong>Voedingswaarde\/N\u00e4hrwerte\/Nutritional values\/Valeurs nutritionnelles<\/strong><\/td>\n<td width=\"260\"><strong>per\/pro\/per\/pour 100 g<\/strong><\/td>\n<\/tr>\n<tr>\n<td>Energie\/Energy\/Valeur \u00e9nerg\u00e9tique<\/td>\n<td>550 kcal \/ 2308 kJ<\/td>\n<\/tr>\n<tr>\n<td>Vet\/Fett\/Fat\/Lipides<\/td>\n<td>33,5\u00a0g<\/td>\n<\/tr>\n<tr>\n<td>waarvan verzadigd\/davon ges\u00e4ttigte Fetts\u00e4uren\/of which saturated\/dont acides gras satur\u00e9s<\/td>\n<td>17\u00a0g<\/td>\n<\/tr>\n<tr>\n<td>Koolhydraten\/Kohlenhydrate\/Carbohydrates\/Glucides<\/td>\n<td>53\u00a0g<\/td>\n<\/tr>\n<tr>\n<td>waarvan suiker\/davon Zucker\/of which sugar\/dont sucre<\/td>\n<td>36 g<\/td>\n<\/tr>\n<tr>\n<td>Eiwitten\/Eiweiss\/Proteins\/Prot\u00e9ines<\/td>\n<td>7,5\u00a0g<\/td>\n<\/tr>\n<tr>\n<td>Zout\/Salz\/Salt\/Sel<\/td>\n<td>0,285\u00a0g<\/td>\n<\/tr>\n<\/tbody>\n<\/table>\n<p>&nbsp;<\/p>\n","protected":false},"excerpt":{"rendered":"<p>Pure chocolade met het aroma van kruidig zoethout en een kleine ondertoon van citroen. Een smaakvolle combinatie, die razendsnel met de aromatische chocolade een fraai gebalanceerde eenheid vormt.<\/p>\n","protected":false},"featured_media":90409,"comment_status":"open","ping_status":"closed","template":"","meta":[],"product_brand":[100],"product_cat":[15,736],"product_tag":[1198,1196,1222,1220,24,1221],"class_list":{"0":"post-90405","1":"product","2":"type-product","3":"status-publish","4":"has-post-thumbnail","6":"product_brand-naive","7":"product_cat-chocolade","8":"product_cat-vegan","9":"product_tag-chocolade","10":"product_tag-citroen","11":"product_tag-drop","12":"product_tag-puur","13":"product_tag-visible","14":"product_tag-zouthout","15":"product_shipping_class-16","16":"infinite-scroll-item","17":"resize-featured-image","18":"sales-flash-overlay","19":"woocommerce-text-align-center","20":"woocommerce-image-align-center","21":"wc-has-gallery","23":"first","24":"instock","25":"taxable","26":"shipping-taxable","27":"purchasable","28":"product-type-simple"},"_links":{"self":[{"href":"https:\/\/clearchox.com\/nl\/wp-json\/wp\/v2\/product\/90405","targetHints":{"allow":["GET"]}}],"collection":[{"href":"https:\/\/clearchox.com\/nl\/wp-json\/wp\/v2\/product"}],"about":[{"href":"https:\/\/clearchox.com\/nl\/wp-json\/wp\/v2\/types\/product"}],"replies":[{"embeddable":true,"href":"https:\/\/clearchox.com\/nl\/wp-json\/wp\/v2\/comments?post=90405"}],"wp:featuredmedia":[{"embeddable":true,"href":"https:\/\/clearchox.com\/nl\/wp-json\/wp\/v2\/media\/90409"}],"wp:attachment":[{"href":"https:\/\/clearchox.com\/nl\/wp-json\/wp\/v2\/media?parent=90405"}],"wp:term":[{"taxonomy":"product_brand","embeddable":true,"href":"https:\/\/clearchox.com\/nl\/wp-json\/wp\/v2\/product_brand?post=90405"},{"taxonomy":"product_cat","embeddable":true,"href":"https:\/\/clearchox.com\/nl\/wp-json\/wp\/v2\/product_cat?post=90405"},{"taxonomy":"product_tag","embeddable":true,"href":"https:\/\/clearchox.com\/nl\/wp-json\/wp\/v2\/product_tag?post=90405"}],"curies":[{"name":"wp","href":"https:\/\/api.w.org\/{rel}","templated":true}]}}