{"id":90413,"date":"2020-09-07T12:23:17","date_gmt":"2020-09-07T12:23:17","guid":{"rendered":"https:\/\/clearchox.com\/nl\/?post_type=product&#038;p=90413"},"modified":"2026-01-20T08:09:11","modified_gmt":"2026-01-20T08:09:11","slug":"naive-zuurzak-67","status":"publish","type":"product","link":"https:\/\/clearchox.com\/nl\/shop\/naive-zuurzak-67\/","title":{"rendered":"Na\u00efve Zuurzak 67%"},"content":{"rendered":"<p><strong>Pure chocolade met <a href=\"https:\/\/nl.wikipedia.org\/wiki\/Zuurzak\" target=\"_blank\" rel=\"noopener noreferrer\">zuurzak<\/a><\/strong><br \/>\nGezond hoeft niet saai te zijn en deze wonderbaarlijke reep met fruit verdient zeker de aandacht van de kieskeurige chocoladeliefhebber die van plan is een lang, krachtig en plezierig leven te leiden. Er is fruit, superfruit en super megafruit, maar ze leggen het allemaal af tegen zuurzak. Achter de wratachtige stekels en dikke leerachtige schil schuilt sappig pulp. En o, hemeltjelief, dat is heerlijk! Open je mond en maak je klaar om te genezen.<\/p>\n<h2 align=\"LEFT\">Evenaar Collectie<\/h2>\n<p align=\"LEFT\">Chocolatier Domantas Uzpalis zegt hierover: &#8220;Voor mij bestaat het concept van de Evenaar Collectie daaruit dat ik ingredi\u00ebnten gebruik die uit \u00e9\u00e9n ecosysteem komen. Omdat het water, de aarde, de mineralen van een ecosysteem planten doet leven. En het is inherent daaraan dat levende dingen die samen groeien samen ook beter smaken. Iedere reep uit deze collectie is volledig gemaakt met ingredi\u00ebnten uit de omgeving van de evenaar die onze aarde omringt. Met heldere, intense smaken die samenvloeien in een huisgemaakte tropische chocolade. Vrienden, spring aan boord voor een oerwoudavontuur!&#8221;<em>\u00a0<\/em><\/p>\n<p align=\"LEFT\">De cacaobonen die Domantas gebruikt zijn een eigen blend van topkwaliteit zelf rechtstreeks ingekochte bonen, op dit moment voornamelijk afkomstig uit Venezuela.<\/p>\n<p><strong>Ingredi\u00ebnten:<\/strong> verfijnde cacao*, rietsuiker*, cacaoboter*, zuurzak*(7%).<br \/>\n*wild of natuurinclusieve landbouw!<\/p>\n<p><span style=\"color: #993300;\"><strong><em>Kan sporen van noten, pinda\u2019s, granen en melk bevatten<\/em>.<\/strong><\/span><\/p>\n<table width=\"593\">\n<tbody>\n<tr>\n<td width=\"333\"><strong>Voedingswaarde\/N\u00e4hrwerte\/Nutritional values\/Valeurs nutritionnelles<\/strong><\/td>\n<td width=\"260\"><strong>per\/pro\/per\/pour 100 g<\/strong><\/td>\n<\/tr>\n<tr>\n<td>Energie\/Energy\/Valeur \u00e9nerg\u00e9tique<\/td>\n<td>560 kcal \/ 2320 kJ<\/td>\n<\/tr>\n<tr>\n<td>Vet\/Fett\/Fat\/Lipides<\/td>\n<td>34 g<\/td>\n<\/tr>\n<tr>\n<td>waarvan verzadigd\/davon ges\u00e4ttigte Fetts\u00e4uren\/of which saturated\/dont acides gras satur\u00e9s<\/td>\n<td>17,5 g<\/td>\n<\/tr>\n<tr>\n<td>Koolhydraten\/Kohlenhydrate\/Carbohydrates\/Glucides<\/td>\n<td>53\u00a0g<\/td>\n<\/tr>\n<tr>\n<td>waarvan suiker\/davon Zucker\/of which sugar\/dont sucre<\/td>\n<td>36 g<\/td>\n<\/tr>\n<tr>\n<td>Eiwitten\/Eiweiss\/Proteins\/Prot\u00e9ines<\/td>\n<td>7,5\u00a0g<\/td>\n<\/tr>\n<tr>\n<td>Zout\/Salz\/Salt\/Sel<\/td>\n<td>0,017 g<\/td>\n<\/tr>\n<\/tbody>\n<\/table>\n<p>&nbsp;<\/p>\n","protected":false},"excerpt":{"rendered":"<p>67% pure chocolade met zuurzak. De volrijpe vrucht is zeer zacht, sappig en zoetzuur van smaak en harmonieert hemels met de pure chocola uit Bolivia.<\/p>\n","protected":false},"featured_media":90424,"comment_status":"open","ping_status":"closed","template":"","meta":[],"product_brand":[100],"product_cat":[15,736],"product_tag":[1198,1220,24,1219],"class_list":{"0":"post-90413","1":"product","2":"type-product","3":"status-publish","4":"has-post-thumbnail","6":"product_brand-naive","7":"product_cat-chocolade","8":"product_cat-vegan","9":"product_tag-chocolade","10":"product_tag-puur","11":"product_tag-visible","12":"product_tag-zuurzak","13":"product_shipping_class-16","14":"infinite-scroll-item","15":"resize-featured-image","16":"sales-flash-overlay","17":"woocommerce-text-align-center","18":"woocommerce-image-align-center","19":"wc-has-gallery","21":"first","22":"outofstock","23":"taxable","24":"shipping-taxable","25":"purchasable","26":"product-type-simple"},"_links":{"self":[{"href":"https:\/\/clearchox.com\/nl\/wp-json\/wp\/v2\/product\/90413","targetHints":{"allow":["GET"]}}],"collection":[{"href":"https:\/\/clearchox.com\/nl\/wp-json\/wp\/v2\/product"}],"about":[{"href":"https:\/\/clearchox.com\/nl\/wp-json\/wp\/v2\/types\/product"}],"replies":[{"embeddable":true,"href":"https:\/\/clearchox.com\/nl\/wp-json\/wp\/v2\/comments?post=90413"}],"wp:featuredmedia":[{"embeddable":true,"href":"https:\/\/clearchox.com\/nl\/wp-json\/wp\/v2\/media\/90424"}],"wp:attachment":[{"href":"https:\/\/clearchox.com\/nl\/wp-json\/wp\/v2\/media?parent=90413"}],"wp:term":[{"taxonomy":"product_brand","embeddable":true,"href":"https:\/\/clearchox.com\/nl\/wp-json\/wp\/v2\/product_brand?post=90413"},{"taxonomy":"product_cat","embeddable":true,"href":"https:\/\/clearchox.com\/nl\/wp-json\/wp\/v2\/product_cat?post=90413"},{"taxonomy":"product_tag","embeddable":true,"href":"https:\/\/clearchox.com\/nl\/wp-json\/wp\/v2\/product_tag?post=90413"}],"curies":[{"name":"wp","href":"https:\/\/api.w.org\/{rel}","templated":true}]}}