{"id":90426,"date":"2020-09-07T13:11:40","date_gmt":"2020-09-07T13:11:40","guid":{"rendered":"https:\/\/clearchox.com\/nl\/?post_type=product&#038;p=90426"},"modified":"2026-04-07T18:28:54","modified_gmt":"2026-04-07T18:28:54","slug":"naive-donkere-melkchocolade-met-doerian-61","status":"publish","type":"product","link":"https:\/\/clearchox.com\/nl\/shop\/naive-donkere-melkchocolade-met-doerian-61\/","title":{"rendered":"Na\u00efve Donkere Melkchocolade met Doerian 61%"},"content":{"rendered":"<p><strong>Pure chocolade met een beetje melk en <a href=\"https:\/\/nl.wikipedia.org\/wiki\/Doerian\" target=\"_blank\" rel=\"noopener noreferrer\">doerian<\/a><\/strong><br \/>\nCheese pretending it&#8217;s a fruit, telling lies is not so cute. Under spikes old Stilton hides, bring your sneaky stink outside. You knock snouts from way afar, we\u2019ll accept you as you are. Jungle King with unwashed socks?! Shame no more, as this taste rocks! Plug your nose and you will see, this duet is meant to be.<\/p>\n<h2 align=\"LEFT\">Evenaar Collectie<\/h2>\n<p align=\"LEFT\">Chocolatier Domantas Uzpalis zegt hierover: &#8220;Voor mij bestaat het concept van de Evenaar Collectie daaruit dat ik ingredi\u00ebnten gebruik die uit \u00e9\u00e9n ecosysteem komen. Omdat het water, de aarde, de mineralen van een ecosysteem planten doet leven. En het is inherent daaraan dat levende dingen die samen groeien samen ook beter smaken.<br \/>\nIedere reep uit deze collectie is volledig gemaakt met ingredi\u00ebnten uit de omgeving van de evenaar die onze aarde omringt. Met heldere, intense smaken die samenvloeien in een huisgemaakte tropische chocolade.<br \/>\nVrienden, spring aan boord voor een oerwoudavontuur!&#8221;<em>\u00a0<\/em><\/p>\n<p align=\"LEFT\">De cacaobonen die Domantas gebruikt zijn een eigen blend van topkwaliteit zelf rechtstreeks ingekochte bonen, op dit moment voornamelijk afkomstig uit Venezuela.<\/p>\n<p><strong>Ingredi\u00ebnten<\/strong>: verfijnde cacao* (61%), rietsuiker*, pure cacaoboter*, grasgevoerde <span style=\"color: #993300;\"><em><strong>melk<\/strong><\/em><\/span>poeder*, durian*(6%).<br \/>\n*wild of natuurinclusieve landbouw!<\/p>\n<p><span style=\"color: #993300;\"><strong><em>Bevat melk. Kan sporen van noten, pinda\u2019s en granen bevatten<\/em>.<\/strong><\/span><\/p>\n<table width=\"593\">\n<tbody>\n<tr>\n<td width=\"333\"><strong>Voedingswaarde\/N\u00e4hrwerte\/Nutritional values\/Valeurs nutritionnelles<\/strong><\/td>\n<td width=\"260\"><strong>per\/pro\/per\/pour 100 g<\/strong><\/td>\n<\/tr>\n<tr>\n<td>Energie\/Energy\/Valeur \u00e9nerg\u00e9tique<\/td>\n<td>560 kcal \/ 2320 kJ<\/td>\n<\/tr>\n<tr>\n<td>Vet\/Fett\/Fat\/Lipides<\/td>\n<td>34 g<\/td>\n<\/tr>\n<tr>\n<td>waarvan verzadigd\/davon ges\u00e4ttigte Fetts\u00e4uren\/of which saturated\/dont acides gras satur\u00e9s<\/td>\n<td>17,5 g<\/td>\n<\/tr>\n<tr>\n<td>Koolhydraten\/Kohlenhydrate\/Carbohydrates\/Glucides<\/td>\n<td>53\u00a0g<\/td>\n<\/tr>\n<tr>\n<td>waarvan suiker\/davon Zucker\/of which sugar\/dont sucre<\/td>\n<td>36 g<\/td>\n<\/tr>\n<tr>\n<td>Eiwitten\/Eiweiss\/Proteins\/Prot\u00e9ines<\/td>\n<td>7,5\u00a0g<\/td>\n<\/tr>\n<tr>\n<td>Zout\/Salz\/Salt\/Sel<\/td>\n<td>0,020 g<\/td>\n<\/tr>\n<\/tbody>\n<\/table>\n<p>&nbsp;<\/p>\n","protected":false},"excerpt":{"rendered":"<p>Doerian heeft de naam te ruiken naar oude Stilton-kaas of vieze sokken. Maar de smaak is geweldig! Neus dicht en geniet van deze chocolade!<\/p>\n","protected":false},"featured_media":90414,"comment_status":"open","ping_status":"closed","template":"","meta":[],"product_brand":[100],"product_cat":[15],"product_tag":[1198,1218,1208,24],"class_list":{"0":"post-90426","1":"product","2":"type-product","3":"status-publish","4":"has-post-thumbnail","6":"product_brand-naive","7":"product_cat-chocolade","8":"product_tag-chocolade","9":"product_tag-doerian","10":"product_tag-melk","11":"product_tag-visible","12":"product_shipping_class-16","13":"infinite-scroll-item","14":"resize-featured-image","15":"sales-flash-overlay","16":"woocommerce-text-align-center","17":"woocommerce-image-align-center","18":"wc-has-gallery","20":"first","21":"instock","22":"taxable","23":"shipping-taxable","24":"purchasable","25":"product-type-simple"},"_links":{"self":[{"href":"https:\/\/clearchox.com\/nl\/wp-json\/wp\/v2\/product\/90426","targetHints":{"allow":["GET"]}}],"collection":[{"href":"https:\/\/clearchox.com\/nl\/wp-json\/wp\/v2\/product"}],"about":[{"href":"https:\/\/clearchox.com\/nl\/wp-json\/wp\/v2\/types\/product"}],"replies":[{"embeddable":true,"href":"https:\/\/clearchox.com\/nl\/wp-json\/wp\/v2\/comments?post=90426"}],"wp:featuredmedia":[{"embeddable":true,"href":"https:\/\/clearchox.com\/nl\/wp-json\/wp\/v2\/media\/90414"}],"wp:attachment":[{"href":"https:\/\/clearchox.com\/nl\/wp-json\/wp\/v2\/media?parent=90426"}],"wp:term":[{"taxonomy":"product_brand","embeddable":true,"href":"https:\/\/clearchox.com\/nl\/wp-json\/wp\/v2\/product_brand?post=90426"},{"taxonomy":"product_cat","embeddable":true,"href":"https:\/\/clearchox.com\/nl\/wp-json\/wp\/v2\/product_cat?post=90426"},{"taxonomy":"product_tag","embeddable":true,"href":"https:\/\/clearchox.com\/nl\/wp-json\/wp\/v2\/product_tag?post=90426"}],"curies":[{"name":"wp","href":"https:\/\/api.w.org\/{rel}","templated":true}]}}