{"id":91411,"date":"2021-08-11T12:29:50","date_gmt":"2021-08-11T12:29:50","guid":{"rendered":"https:\/\/clearchox.com\/nl\/?post_type=product&#038;p=91411"},"modified":"2026-04-09T10:38:36","modified_gmt":"2026-04-09T10:38:36","slug":"auro-luna-donkere-melkchocolade-50","status":"publish","type":"product","link":"https:\/\/clearchox.com\/nl\/shop\/auro-luna-donkere-melkchocolade-50\/","title":{"rendered":"Auro Luna Donkere Melkchocolade 50%"},"content":{"rendered":"<p>De Auro Reserve-collectie is zorgvuldig vervaardigd uit de beste bonen van \u00e9\u00e9n landgoed. Auro benadert elke vari\u00ebteit en elke oogst met een nieuw perspectief om de bijzondere kenmerken van de terroir naar voren te brengen.<\/p>\n<p><a href=\"https:\/\/www.philatlas.com\/mindanao\/r11\/davao-city\/saloy.html\" target=\"_blank\" rel=\"noopener noreferrer\">Saloy<\/a> is een gemeenschap van krap 2.100 inwoners, die deel uit maakt van de stad <a href=\"https:\/\/nl.wikipedia.org\/wiki\/Davao_City\" target=\"_blank\" rel=\"noopener noreferrer\">Davao<\/a>, op het zuidelijke eiland <a href=\"https:\/\/nl.wikipedia.org\/wiki\/Mindanao\" target=\"_blank\" rel=\"noopener noreferrer\">Mindanao<\/a>. Davao was ooit het centrum van de cacaoteelt. Saloy ligt feitelijk ver buiten de stad Davao, in het bergachtige gebied met tropisch woud.<\/p>\n<hr \/>\n<p><b>Smaaktonen<\/b>:<span lang=\"DE\"> kokosnoot, <a href=\"https:\/\/nl.wikipedia.org\/wiki\/Santol_(plant)\" target=\"_blank\" rel=\"noopener\">santol<\/a>, pomelo, <a href=\"https:\/\/nl.wikipedia.org\/wiki\/Ramboetan\" target=\"_blank\" rel=\"noopener\">ramboetan<\/a>.<br \/>\n<b>Ingredi\u00ebnten<\/b>: cacaobonen, muscovadosuiker, volle<span style=\"color: #993300\"><em><strong> melk<\/strong><\/em><\/span>poeder, cacaoboter, magere <span style=\"color: #993300\"><em><strong>melk<\/strong><\/em><\/span>poeder.<br \/>\n<\/span><\/p>\n<p><em><strong><span style=\"color: #993300\">Bevat melk. Kan sporen van noten, pinda&#8217;s en soja bevatten.<\/span><\/strong><\/em><\/p>\n<table width=\"593\">\n<tbody>\n<tr>\n<td width=\"333\"><strong>N\u00e4hrwerte\/Nutritional values\/Voedingswaarde\/Valeurs nutritionnelles<\/strong><\/td>\n<td width=\"260\"><strong>pro\/per\/pour 100 g<\/strong><\/td>\n<\/tr>\n<tr>\n<td>Energie\/Energy\/Energie\/Valeur \u00e9nerg\u00e9tique<\/td>\n<td>550 kcal \/ 2301 kJ<\/td>\n<\/tr>\n<tr>\n<td>Fett\/Fat\/Vet\/Lipides<\/td>\n<td>36 g<\/td>\n<\/tr>\n<tr>\n<td>davon ges\u00e4ttigte Fetts\u00e4uren\/of which saturated fatty acids\/waarvan verzadigd\/dont acides gras satur\u00e9s<\/td>\n<td>22 g<\/td>\n<\/tr>\n<tr>\n<td>Kohlenhydrate\/Carbohydrates\/Koolhydraten\/Glucides<\/td>\n<td>48 g<\/td>\n<\/tr>\n<tr>\n<td>davon Zucker\/of which sugar\/waarvan suiker\/dont sucre<\/td>\n<td>38 g<\/td>\n<\/tr>\n<tr>\n<td>Eiweiss\/Protein\/Eiwit\/Prot\u00e9ine<\/td>\n<td>10 g<\/td>\n<\/tr>\n<tr>\n<td>Salz\/Salt\/Zout\/Sel<\/td>\n<td>68 mg (0,068 g)<\/td>\n<\/tr>\n<\/tbody>\n<\/table>\n<p>EAN 4806531801897<\/p>\n","protected":false},"excerpt":{"rendered":"<p>Gelegen in de tropische bergen, wordt Saloy gevoed met vers bronwater dat door de weelderige bossen stroomt en de chocolade een zeer dynamische smaak geeft. Deze melkvariant kent tonen van kokosnoot, pomelo en ramboetan.<\/p>\n","protected":false},"featured_media":91413,"comment_status":"open","ping_status":"closed","template":"","meta":[],"product_brand":[116],"product_cat":[15,734],"product_tag":[24],"class_list":{"0":"post-91411","1":"product","2":"type-product","3":"status-publish","4":"has-post-thumbnail","6":"product_brand-auro","7":"product_cat-chocolade","8":"product_cat-herkomstchocolade","9":"product_tag-visible","10":"product_shipping_class-16","11":"infinite-scroll-item","12":"resize-featured-image","13":"sales-flash-overlay","14":"woocommerce-text-align-center","15":"woocommerce-image-align-center","16":"wc-has-gallery","18":"first","19":"outofstock","20":"taxable","21":"shipping-taxable","22":"purchasable","23":"product-type-simple"},"_links":{"self":[{"href":"https:\/\/clearchox.com\/nl\/wp-json\/wp\/v2\/product\/91411","targetHints":{"allow":["GET"]}}],"collection":[{"href":"https:\/\/clearchox.com\/nl\/wp-json\/wp\/v2\/product"}],"about":[{"href":"https:\/\/clearchox.com\/nl\/wp-json\/wp\/v2\/types\/product"}],"replies":[{"embeddable":true,"href":"https:\/\/clearchox.com\/nl\/wp-json\/wp\/v2\/comments?post=91411"}],"wp:featuredmedia":[{"embeddable":true,"href":"https:\/\/clearchox.com\/nl\/wp-json\/wp\/v2\/media\/91413"}],"wp:attachment":[{"href":"https:\/\/clearchox.com\/nl\/wp-json\/wp\/v2\/media?parent=91411"}],"wp:term":[{"taxonomy":"product_brand","embeddable":true,"href":"https:\/\/clearchox.com\/nl\/wp-json\/wp\/v2\/product_brand?post=91411"},{"taxonomy":"product_cat","embeddable":true,"href":"https:\/\/clearchox.com\/nl\/wp-json\/wp\/v2\/product_cat?post=91411"},{"taxonomy":"product_tag","embeddable":true,"href":"https:\/\/clearchox.com\/nl\/wp-json\/wp\/v2\/product_tag?post=91411"}],"curies":[{"name":"wp","href":"https:\/\/api.w.org\/{rel}","templated":true}]}}