{"id":92336,"date":"2022-09-12T14:39:31","date_gmt":"2022-09-12T14:39:31","guid":{"rendered":"https:\/\/clearchox.com\/nl\/?post_type=product&#038;p=92336"},"modified":"2026-03-23T12:38:53","modified_gmt":"2026-03-23T12:38:53","slug":"chocolat-madagascar-puur-100","status":"publish","type":"product","link":"https:\/\/clearchox.com\/nl\/shop\/chocolat-madagascar-puur-100\/","title":{"rendered":"Chocolat Madagascar Golden Bean Puur 100%"},"content":{"rendered":"<p>De fijne cacao voor deze reep groeit en rijpt in de schaduw van de regenwouden van de Sambirano-vallei, in het noordwesten van Madagaskar. De bonen zijn van de eigen plantages.<br \/>\nDoor de uitgebalanceerde selectie van fijne bonen is er geen suiker en geen cacaoboter toegevoegd.<\/p>\n<hr \/>\n<p><span lang=\"DE\"><b>Smaaktonen: <\/b>tonen van fruit en citrus aroma&#8217;s en een lage bitterheid. Zacht smeltend, fijne textuur en lange nasmaak.<br \/>\n<\/span><span lang=\"DE\"><b>Ingredi\u00ebnten<\/b>: cacaobonen.<br \/>\n<\/span><\/p>\n<p><em><strong><span style=\"color: #993300;\">Gemaakt in een omgeving waar ook met melk en cashewnoten wordt gewerkt.<br \/>\n<\/span><\/strong><\/em><\/p>\n<table border=\"0\" width=\"593\" cellspacing=\"0\" cellpadding=\"0\">\n<tbody>\n<tr>\n<td class=\"xl68\" width=\"333\" height=\"15\"><strong>Nutritional values\/N\u00e4hrwerte\/Voedingswaarde\/Valeurs nutritionnelles<\/strong><\/td>\n<td class=\"xl66\" width=\"260\"><strong>per\/pro\/per\/pour 100 g<\/strong><\/td>\n<\/tr>\n<tr>\n<td class=\"xl64\" height=\"15\">Energy\/Energie\/Valeur \u00e9nerg\u00e9tique<\/td>\n<td class=\"xl65\">596 kcal \/ 2466 kJ<\/td>\n<\/tr>\n<tr>\n<td class=\"xl64\" height=\"15\">Fat\/Fett\/Vet\/Lipides<\/td>\n<td class=\"xl65\">48 g<\/td>\n<\/tr>\n<tr>\n<td class=\"xl64\" height=\"15\">of which saturated\/davon ges\u00e4ttigte Fetts\u00e4uren\/waarvan verzadigd\/dont acides gras satur\u00e9s<\/td>\n<td class=\"xl65\">29 g<\/td>\n<\/tr>\n<tr>\n<td class=\"xl64\" height=\"15\">Carbohydrates\/Kohlenhydrate\/Koolhydraten\/Glucides<\/td>\n<td class=\"xl65\">32 g<\/td>\n<\/tr>\n<tr>\n<td class=\"xl64\" height=\"15\">of which sugar\/davon Zucker\/waarvan suiker\/dont sucre<\/td>\n<td class=\"xl65\">0,5 g<\/td>\n<\/tr>\n<tr>\n<td class=\"xl64\" height=\"15\">Proteins\/Eiweiss\/Eiwitten\/Prot\u00e9ines<\/td>\n<td class=\"xl65\">14 g<\/td>\n<\/tr>\n<tr>\n<td class=\"xl67\" height=\"15\">Salt\/Salz\/Zout\/Sel<\/td>\n<td class=\"xl63\">30 mg<\/td>\n<\/tr>\n<\/tbody>\n<\/table>\n<p>EAN 0715547889697<\/p>\n","protected":false},"excerpt":{"rendered":"<p>Verfijnde 100%-reep met maar \u00e9\u00e9n ingredi\u00ebnt: de cacaobonen. Van de eigen plantages gelegen in de schaduw van de regenwouden van de Sambirano-vallei, in het noordwesten van Madagaskar.<\/p>\n","protected":false},"featured_media":92339,"comment_status":"open","ping_status":"closed","template":"","meta":[],"product_brand":[1091],"product_cat":[733,15,734,736],"product_tag":[24],"class_list":{"0":"post-92336","1":"product","2":"type-product","3":"status-publish","4":"has-post-thumbnail","6":"product_brand-chocolat-madagascar","7":"product_cat-award","8":"product_cat-chocolade","9":"product_cat-herkomstchocolade","10":"product_cat-vegan","11":"product_tag-visible","12":"product_shipping_class-16","13":"infinite-scroll-item","14":"resize-featured-image","15":"sales-flash-overlay","16":"woocommerce-text-align-center","17":"woocommerce-image-align-center","18":"wc-has-gallery","20":"first","21":"outofstock","22":"taxable","23":"shipping-taxable","24":"purchasable","25":"product-type-simple"},"_links":{"self":[{"href":"https:\/\/clearchox.com\/nl\/wp-json\/wp\/v2\/product\/92336","targetHints":{"allow":["GET"]}}],"collection":[{"href":"https:\/\/clearchox.com\/nl\/wp-json\/wp\/v2\/product"}],"about":[{"href":"https:\/\/clearchox.com\/nl\/wp-json\/wp\/v2\/types\/product"}],"replies":[{"embeddable":true,"href":"https:\/\/clearchox.com\/nl\/wp-json\/wp\/v2\/comments?post=92336"}],"wp:featuredmedia":[{"embeddable":true,"href":"https:\/\/clearchox.com\/nl\/wp-json\/wp\/v2\/media\/92339"}],"wp:attachment":[{"href":"https:\/\/clearchox.com\/nl\/wp-json\/wp\/v2\/media?parent=92336"}],"wp:term":[{"taxonomy":"product_brand","embeddable":true,"href":"https:\/\/clearchox.com\/nl\/wp-json\/wp\/v2\/product_brand?post=92336"},{"taxonomy":"product_cat","embeddable":true,"href":"https:\/\/clearchox.com\/nl\/wp-json\/wp\/v2\/product_cat?post=92336"},{"taxonomy":"product_tag","embeddable":true,"href":"https:\/\/clearchox.com\/nl\/wp-json\/wp\/v2\/product_tag?post=92336"}],"curies":[{"name":"wp","href":"https:\/\/api.w.org\/{rel}","templated":true}]}}