{"id":94459,"date":"2024-08-29T18:34:45","date_gmt":"2024-08-29T18:34:45","guid":{"rendered":"https:\/\/clearchox.com\/nl\/?post_type=product&#038;p=94459"},"modified":"2026-04-07T07:30:06","modified_gmt":"2026-04-07T07:30:06","slug":"naive-xocoatl-65","status":"publish","type":"product","link":"https:\/\/clearchox.com\/nl\/shop\/naive-xocoatl-65\/","title":{"rendered":"Na\u00efve Xocoatl 65%"},"content":{"rendered":"<h2 align=\"LEFT\">Xocolatl: naar Azteeks ceremonieel recept<\/h2>\n<p>Domantas Uzpalis, de chocolatier die het kloppend hart van Na\u00efve vormt, zegt:<\/p>\n<p>&#8220;Moctezuma, de meedogenloze Azteekse heerser, zat in z&#8217;n eentje op het balkon en keek uit over het meer Texcoco in Tenochtitl\u00e1n. De vochtige geuren van rook, kruiden en vanille stegen op van het drukke marktplein beneden hem. Hij hield een gouden beker vol vloeibare chocolade in zijn handen. Toen hij een flinke slok genomen had, staarde Moctezuma in de beker en probeerde in het schuim de toekomst te lezen. Op datzelfde moment legde Hern\u00e1n Cort\u00e9s, de ambitieuze Spaanse veroveraar, de laatste hand aan de details van de aanval op Tenochtitl\u00e1n. Met die aanval, die spoedig zou worden ingezet, zou aan het Azteekse rijk voorgoed een einde worden gemaakt&#8230;&#8221;<\/p>\n<p>De cacaobonen die Domantas gebruikt zijn een eigen blend van topkwaliteit zelf rechtstreeks ingekochte bonen, op dit moment voornamelijk afkomstig uit Venezuela.<\/p>\n<p><strong>Ingredi\u00ebnten<\/strong>: cacao*, rietsuiker*, cacaoboter*, achiote*, honing*, vanilla pompona*, ancho chili*.<br \/>\n*wild geplukt of uit natuurlijke teelt!<\/p>\n<p><strong><em>Kan sporen van zuivel, tarwe, noten en pinda&#8217;s bevatten.<br \/>\n<\/em><\/strong><\/p>\n<table border=\"0\" width=\"593\" cellspacing=\"0\" cellpadding=\"0\">\n<tbody>\n<tr>\n<td class=\"xl68\" width=\"333\" height=\"15\"><strong>Nutritional values\/N\u00e4hrwerte\/Voedingswaarde\/Valeurs nutritionnelles<\/strong><\/td>\n<td class=\"xl66\" width=\"260\"><strong>per\/pro\/per\/pour 100 g<\/strong><\/td>\n<\/tr>\n<tr>\n<td class=\"xl64\" height=\"15\">Energy\/Energie\/Valeur \u00e9nerg\u00e9tique<\/td>\n<td class=\"xl65\">551 kcal \/ 2313 kJ<\/td>\n<\/tr>\n<tr>\n<td class=\"xl64\" height=\"15\">Fat\/Fett\/Vet\/Lipides<\/td>\n<td class=\"xl65\">33.3 g<\/td>\n<\/tr>\n<tr>\n<td class=\"xl64\" height=\"15\">of which saturated\/davon ges\u00e4ttigte Fetts\u00e4uren\/waarvan verzadigd\/dont acides gras satur\u00e9s<\/td>\n<td class=\"xl65\">18 g<\/td>\n<\/tr>\n<tr>\n<td class=\"xl64\" height=\"15\">Carbohydrates\/Kohlenhydrate\/Koolhydraten\/Glucides<\/td>\n<td class=\"xl65\">51 g<\/td>\n<\/tr>\n<tr>\n<td class=\"xl64\" height=\"15\">of which sugar\/davon Zucker\/waarvan suiker\/dont sucre<\/td>\n<td class=\"xl65\">30 g<\/td>\n<\/tr>\n<tr>\n<td class=\"xl64\" height=\"15\">Proteins\/Eiweiss\/Eiwitten\/Prot\u00e9ines<\/td>\n<td class=\"xl65\">7.5 g<\/td>\n<\/tr>\n<tr>\n<td class=\"xl67\" height=\"15\">Salt\/Salz\/Zout\/Sel<\/td>\n<td class=\"xl63\">0.13 g<\/td>\n<\/tr>\n<\/tbody>\n<\/table>\n","protected":false},"excerpt":{"rendered":"<p>Na\u00efve Xocolatl is pure chocolade naar Azteeks ceremonieel recept. Met verwarmende kruiden, specerijen en honing is het een bijzonder authentieke ervaring.<\/p>\n","protected":false},"featured_media":94460,"comment_status":"open","ping_status":"closed","template":"","meta":[],"product_brand":[100],"product_cat":[15,736],"product_tag":[1267,1268,1269,1247,1198,1223,1235,1266,1265],"class_list":{"0":"post-94459","1":"product","2":"type-product","3":"status-publish","4":"has-post-thumbnail","6":"product_brand-naive","7":"product_cat-chocolade","8":"product_cat-vegan","9":"product_tag-azteeks","10":"product_tag-ceremonie","11":"product_tag-ceremonieel","12":"product_tag-chili","13":"product_tag-chocolade","14":"product_tag-honing","15":"product_tag-kruiden","16":"product_tag-moctezuma","17":"product_tag-montezuma","18":"product_shipping_class-16","19":"infinite-scroll-item","20":"resize-featured-image","21":"sales-flash-overlay","22":"woocommerce-text-align-center","23":"woocommerce-image-align-center","25":"first","26":"instock","27":"taxable","28":"shipping-taxable","29":"purchasable","30":"product-type-simple"},"_links":{"self":[{"href":"https:\/\/clearchox.com\/nl\/wp-json\/wp\/v2\/product\/94459","targetHints":{"allow":["GET"]}}],"collection":[{"href":"https:\/\/clearchox.com\/nl\/wp-json\/wp\/v2\/product"}],"about":[{"href":"https:\/\/clearchox.com\/nl\/wp-json\/wp\/v2\/types\/product"}],"replies":[{"embeddable":true,"href":"https:\/\/clearchox.com\/nl\/wp-json\/wp\/v2\/comments?post=94459"}],"wp:featuredmedia":[{"embeddable":true,"href":"https:\/\/clearchox.com\/nl\/wp-json\/wp\/v2\/media\/94460"}],"wp:attachment":[{"href":"https:\/\/clearchox.com\/nl\/wp-json\/wp\/v2\/media?parent=94459"}],"wp:term":[{"taxonomy":"product_brand","embeddable":true,"href":"https:\/\/clearchox.com\/nl\/wp-json\/wp\/v2\/product_brand?post=94459"},{"taxonomy":"product_cat","embeddable":true,"href":"https:\/\/clearchox.com\/nl\/wp-json\/wp\/v2\/product_cat?post=94459"},{"taxonomy":"product_tag","embeddable":true,"href":"https:\/\/clearchox.com\/nl\/wp-json\/wp\/v2\/product_tag?post=94459"}],"curies":[{"name":"wp","href":"https:\/\/api.w.org\/{rel}","templated":true}]}}