{"id":94478,"date":"2024-09-05T08:32:41","date_gmt":"2024-09-05T08:32:41","guid":{"rendered":"https:\/\/clearchox.com\/nl\/?post_type=product&#038;p=94478"},"modified":"2026-03-12T17:53:29","modified_gmt":"2026-03-12T17:53:29","slug":"choba-choba-puur-quinoa-framboos-64-bio","status":"publish","type":"product","link":"https:\/\/clearchox.com\/nl\/shop\/choba-choba-puur-quinoa-framboos-64-bio\/","title":{"rendered":"Choba Choba Puur Quinoa Framboos 64% BIO"},"content":{"rendered":"<p>Choba Choba is topkwaliteit biologische chocolade, die gemaakt wordt in Zwitserland van biologische cacaobonen uit Peru. Bijzonder: de Peruaanse cacaoboeren die de bonen leveren, zijn mede-eigenaar van het Zwitserse chocoladebedrijf. Dit innovatieve model zorgt voor een super eerlijke vorm van samenwerking in de keten. Het heeft niet voor niks allerlei prijzen gewonnen. Wij vinden dit een geweldig voorbeeld van hoe het \u00f3\u00f3k kan. Beter.<\/p>\n<p>In deze chocoladereep hebben de Zwitserse chocolatiers stukjes framboos en quinoa crisps gecombineerd met 64% pure chocolade. Deze reep draagt de naam van Lindley, \u00e9\u00e9n van de boeren die mede aan de basis staan van Choba Choba. De chocolade heeft van zichzelf ook al smaaktonen van framboos, cranberry, zwarte tee en peper. En de zurige stukjes toegevoegde framboos versterken die fruitige noten. De quinoa geeft het geheel een heerlijke crunch.<\/p>\n<p>Quinoa hoort integraal bij Peru &#8211; in de landbouw, economie en culinair. Dit dynamische ingredi\u00ebnt verrijkt de smaak en textuur van deze chocoladereep, maar Choba Choba zet daarmee ook de Peruviaanse quinoa in het zonnetje &#8211; Peru is immers hetzelfde land als waar de cacao van Choba Choba vandaan komt.<\/p>\n<p>Deze biologische 64% chocoladereep is gemaakt van geselecteerde cacaobonen van de eigen boerderijen van Choba Choba in het Alto Huayabamba dal in Peru. De ingredi\u00ebnten worden door \u00e9\u00e9n van de beste Zwitserse chocolatiers gecombineerd zodat de smaken volledig tot hun recht komen.<\/p>\n<p><strong>Smaaknotities: <\/strong>gebalanceerde aroma&#8217;s van framboos, cranberry, zwarte thee en peper.<br \/>\n<strong>Ingredi\u00ebnten:<\/strong> Biologische cacao (uit Peru), Biologische ruwe rietsuiker (uit Paraguay), Biologische cacaoboter (uit de Dominicaanse Republiek), Biologische frambozen 1.5%, Biologische quinoa crisp 1.5%.<\/p>\n<p><span style=\"color: #993300;\"><strong>Kan sp<em>oren van melk en noten bevatten.<\/em><\/strong><\/span><\/p>\n<table width=\"593\">\n<tbody>\n<tr>\n<td width=\"333\"><strong>N\u00e4hrwerte\/Nutritional values\/Voedingswaarde\/Valeurs nutritionnelles<\/strong><\/td>\n<td width=\"260\"><strong>pro\/per\/pour 100 g<\/strong><\/td>\n<\/tr>\n<tr>\n<td>Energie\/Energy\/Energie\/Valeur \u00e9nerg\u00e9tique<\/td>\n<td>565 kcal \/ 2348 kJ<\/td>\n<\/tr>\n<tr>\n<td>Fett\/Fat\/Vet\/Lipides<\/td>\n<td>40 g<\/td>\n<\/tr>\n<tr>\n<td>davon ges\u00e4ttigte Fetts\u00e4uren\/of which saturated fatty acids\/waarvan verzadigd\/dont acides gras satur\u00e9s<\/td>\n<td>25 g<\/td>\n<\/tr>\n<tr>\n<td>Kohlenhydrate\/Carbohydrates\/Koolhydraten\/Glucides<\/td>\n<td>39 g<\/td>\n<\/tr>\n<tr>\n<td>davon Zucker\/of which sugar\/waarvan suiker\/dont sucre<\/td>\n<td>34 g<\/td>\n<\/tr>\n<tr>\n<td>Eiweiss\/Protein\/Eiwit\/Prot\u00e9ine<\/td>\n<td>6.1 g<\/td>\n<\/tr>\n<tr>\n<td>Salz\/Salt\/Zout\/Sel<\/td>\n<td>0.03 g<\/td>\n<\/tr>\n<tr>\n<td><\/td>\n<td><\/td>\n<\/tr>\n<\/tbody>\n<\/table>\n","protected":false},"excerpt":{"rendered":"<p>Choba Choba is top kwaliteit biologische Zwitserse chocolade voor en door de Peruaanse cacaoboeren geproduceerd. Heerlijk en eerlijk!<\/p>\n","protected":false},"featured_media":94603,"comment_status":"open","ping_status":"closed","template":"","meta":[],"product_brand":[1270],"product_cat":[735,15],"product_tag":[1276,1194,1198,1272,1271,1220,1273,1275,1274],"class_list":{"0":"post-94478","1":"product","2":"type-product","3":"status-publish","4":"has-post-thumbnail","6":"product_brand-choba-choba","7":"product_cat-biologisch","8":"product_cat-chocolade","9":"product_tag-bio","10":"product_tag-biologisch","11":"product_tag-chocolade","12":"product_tag-framboos","13":"product_tag-peru","14":"product_tag-puur","15":"product_tag-quinoa","16":"product_tag-zwitserland","17":"product_tag-zwitsers","18":"product_shipping_class-16","19":"infinite-scroll-item","20":"resize-featured-image","21":"sales-flash-overlay","22":"woocommerce-text-align-center","23":"woocommerce-image-align-center","25":"first","26":"instock","27":"taxable","28":"shipping-taxable","29":"purchasable","30":"product-type-simple"},"_links":{"self":[{"href":"https:\/\/clearchox.com\/nl\/wp-json\/wp\/v2\/product\/94478","targetHints":{"allow":["GET"]}}],"collection":[{"href":"https:\/\/clearchox.com\/nl\/wp-json\/wp\/v2\/product"}],"about":[{"href":"https:\/\/clearchox.com\/nl\/wp-json\/wp\/v2\/types\/product"}],"replies":[{"embeddable":true,"href":"https:\/\/clearchox.com\/nl\/wp-json\/wp\/v2\/comments?post=94478"}],"wp:featuredmedia":[{"embeddable":true,"href":"https:\/\/clearchox.com\/nl\/wp-json\/wp\/v2\/media\/94603"}],"wp:attachment":[{"href":"https:\/\/clearchox.com\/nl\/wp-json\/wp\/v2\/media?parent=94478"}],"wp:term":[{"taxonomy":"product_brand","embeddable":true,"href":"https:\/\/clearchox.com\/nl\/wp-json\/wp\/v2\/product_brand?post=94478"},{"taxonomy":"product_cat","embeddable":true,"href":"https:\/\/clearchox.com\/nl\/wp-json\/wp\/v2\/product_cat?post=94478"},{"taxonomy":"product_tag","embeddable":true,"href":"https:\/\/clearchox.com\/nl\/wp-json\/wp\/v2\/product_tag?post=94478"}],"curies":[{"name":"wp","href":"https:\/\/api.w.org\/{rel}","templated":true}]}}