{"id":94494,"date":"2024-09-05T09:16:16","date_gmt":"2024-09-05T09:16:16","guid":{"rendered":"https:\/\/clearchox.com\/nl\/?post_type=product&#038;p=94494"},"modified":"2026-04-09T08:59:05","modified_gmt":"2026-04-09T08:59:05","slug":"choba-choba-puur-zeezout-71-bio","status":"publish","type":"product","link":"https:\/\/clearchox.com\/nl\/shop\/choba-choba-puur-zeezout-71-bio\/","title":{"rendered":"Choba Choba Puur Zeezout 71% BIO"},"content":{"rendered":"<p>Choba Choba is topkwaliteit biologische chocolade, die gemaakt wordt in Zwitserland van biologische cacaobonen uit Peru. Bijzonder: de Peruaanse cacaoboeren die de bonen leveren, zijn mede-eigenaar van het Zwitserse chocoladebedrijf. Dit innovatieve model zorgt voor een super eerlijke vorm van samenwerking in de keten. Het heeft niet voor niks allerlei prijzen gewonnen. Wij vinden dit een geweldig voorbeeld van hoe het \u00f3\u00f3k kan. Beter.<\/p>\n<p>Deze biologische 71% pure zeezout chocoladereep is gemaakt van geselecteerde cacaobonen van de eigen boerderijen van Choba Choba in het Alto Huayabamba dal in Peru. De reep draagt de naam van Rosario, \u00e9\u00e9n van de boeren die mede aan de basis staat van Choba Choba. Er wordt Frans Gu\u00e9rande zeezout aan toegevoegd om het beste van land en zee te combineren, en dan worden deze prachtige ingredi\u00ebnten door een van de beste Zwitserse chocolatiers aaneen gesmeed zodat de smaken volledig tot hun recht komen.<\/p>\n<div id=\"tabs-3\" class=\"ui-accordion-content ui-helper-reset ui-widget-content ui-corner-bottom ui-accordion-content-active\" role=\"tabpanel\" aria-labelledby=\"ui-accordion-tabs-app-accordion-header-0\" aria-hidden=\"false\">\n<p>Deze chocolade won een bronzen medaille op de Europese bean-to-bar International Chocolate Awards in 2024.<\/p>\n<\/div>\n<p><strong>Ingredi\u00ebnten:<\/strong> Biologische cacao (uit Peru), Biologische ruwe rietsuiker, Biologische cacaoboter (uit de Dominicaanse Republiek), zeezout (uit Gu\u00e9rande, Frankrijk).<\/p>\n<p><span style=\"color: #993300;\"><strong>Kan sp<em>oren van melk, amandelen, hazelnoten, pinda&#8217;s en soja bevatten. <\/em><\/strong><\/span><strong>\u00a0<\/strong><\/p>\n<table width=\"593\">\n<tbody>\n<tr>\n<td width=\"333\"><strong>N\u00e4hrwerte\/Nutritional values\/Voedingswaarde\/Valeurs nutritionnelles<\/strong><\/td>\n<td width=\"260\"><strong>pro\/per\/pour 100 g<\/strong><\/td>\n<\/tr>\n<tr>\n<td>Energie\/Energy\/Energie\/Valeur \u00e9nerg\u00e9tique<\/td>\n<td>582 kcal \/ 2413 kJ<\/td>\n<\/tr>\n<tr>\n<td>Fett\/Fat\/Vet\/Lipides<\/td>\n<td>44 g<\/td>\n<\/tr>\n<tr>\n<td>davon ges\u00e4ttigte Fetts\u00e4uren\/of which saturated fatty acids\/waarvan verzadigd\/dont acides gras satur\u00e9s<\/td>\n<td>27 g<\/td>\n<\/tr>\n<tr>\n<td>Kohlenhydrate\/Carbohydrates\/Koolhydraten\/Glucides<\/td>\n<td>33 g<\/td>\n<\/tr>\n<tr>\n<td>davon Zucker\/of which sugar\/waarvan suiker\/dont sucre<\/td>\n<td>28 g<\/td>\n<\/tr>\n<tr>\n<td>Eiweiss\/Protein\/Eiwit\/Prot\u00e9ine<\/td>\n<td>6.8 g<\/td>\n<\/tr>\n<tr>\n<td>Salz\/Salt\/Zout\/Sel<\/td>\n<td>0.8 g<\/td>\n<\/tr>\n<tr>\n<td><\/td>\n<td><\/td>\n<\/tr>\n<\/tbody>\n<\/table>\n","protected":false},"excerpt":{"rendered":"<p>Choba Choba is top kwaliteit biologische Zwitserse chocolade voor en door de Peruaanse cacaoboeren geproduceerd. Heerlijk en eerlijk!<\/p>\n","protected":false},"featured_media":94601,"comment_status":"open","ping_status":"closed","template":"","meta":[],"product_brand":[1270],"product_cat":[733,735,15],"product_tag":[1276,1194,1198,1271,1220,1278,1275,1274],"class_list":{"0":"post-94494","1":"product","2":"type-product","3":"status-publish","4":"has-post-thumbnail","6":"product_brand-choba-choba","7":"product_cat-award","8":"product_cat-biologisch","9":"product_cat-chocolade","10":"product_tag-bio","11":"product_tag-biologisch","12":"product_tag-chocolade","13":"product_tag-peru","14":"product_tag-puur","15":"product_tag-zeezout","16":"product_tag-zwitserland","17":"product_tag-zwitsers","18":"product_shipping_class-16","19":"infinite-scroll-item","20":"resize-featured-image","21":"sales-flash-overlay","22":"woocommerce-text-align-center","23":"woocommerce-image-align-center","24":"wc-has-gallery","26":"first","27":"instock","28":"taxable","29":"shipping-taxable","30":"purchasable","31":"product-type-simple"},"_links":{"self":[{"href":"https:\/\/clearchox.com\/nl\/wp-json\/wp\/v2\/product\/94494","targetHints":{"allow":["GET"]}}],"collection":[{"href":"https:\/\/clearchox.com\/nl\/wp-json\/wp\/v2\/product"}],"about":[{"href":"https:\/\/clearchox.com\/nl\/wp-json\/wp\/v2\/types\/product"}],"replies":[{"embeddable":true,"href":"https:\/\/clearchox.com\/nl\/wp-json\/wp\/v2\/comments?post=94494"}],"wp:featuredmedia":[{"embeddable":true,"href":"https:\/\/clearchox.com\/nl\/wp-json\/wp\/v2\/media\/94601"}],"wp:attachment":[{"href":"https:\/\/clearchox.com\/nl\/wp-json\/wp\/v2\/media?parent=94494"}],"wp:term":[{"taxonomy":"product_brand","embeddable":true,"href":"https:\/\/clearchox.com\/nl\/wp-json\/wp\/v2\/product_brand?post=94494"},{"taxonomy":"product_cat","embeddable":true,"href":"https:\/\/clearchox.com\/nl\/wp-json\/wp\/v2\/product_cat?post=94494"},{"taxonomy":"product_tag","embeddable":true,"href":"https:\/\/clearchox.com\/nl\/wp-json\/wp\/v2\/product_tag?post=94494"}],"curies":[{"name":"wp","href":"https:\/\/api.w.org\/{rel}","templated":true}]}}