{"id":94498,"date":"2024-09-05T09:30:30","date_gmt":"2024-09-05T09:30:30","guid":{"rendered":"https:\/\/clearchox.com\/nl\/?post_type=product&#038;p=94498"},"modified":"2026-01-08T10:33:24","modified_gmt":"2026-01-08T10:33:24","slug":"choba-choba-puur-64-bio","status":"publish","type":"product","link":"https:\/\/clearchox.com\/nl\/shop\/choba-choba-puur-64-bio\/","title":{"rendered":"Choba Choba Puur 64% BIO"},"content":{"rendered":"<p>Choba Choba is topkwaliteit biologische chocolade, die gemaakt wordt in Zwitserland van biologische cacaobonen uit Peru. Bijzonder: de Peruaanse cacaoboeren die de bonen leveren, zijn mede-eigenaar van het Zwitserse chocoladebedrijf. Dit innovatieve model zorgt voor een super eerlijke vorm van samenwerking in de keten. Het heeft niet voor niks allerlei prijzen gewonnen. Wij vinden dit een geweldig voorbeeld van hoe het \u00f3\u00f3k kan. Beter.<\/p>\n<p>Deze biologische 64% pure chocoladereep is gemaakt van geselecteerde cacaobonen van de eigen boerderijen van Choba Choba in het Alto Huayabamba dal in Peru. De reep is vernoemd naar Elmer, \u00e9\u00e9n van de boeren die mede aan de basis staan van Choba Choba. De slechts drie prachtige ingredi\u00ebnten worden door een van de beste Zwitserse chocolatiers aaneen gesmeed zodat de smaken volledig tot hun recht komen. Het resultaat is een dynamische, zoete pure chocolade met een rijk en gelaagd smaakprofiel.<\/p>\n<p><strong>Smaaknotities: <\/strong>gebalanceerde aroma&#8217;s van frambozen, cranberries, zwarte thee en peper.<br \/>\n<strong>Ingredi\u00ebnten:<\/strong> Biologische cacao (uit Peru), Biologische ruwe rietsuiker, Biologische cacaoboter (uit de Dominicaanse Republiek).<\/p>\n<p><strong><span style=\"color: #993300;\">Kan sp<em>oren van melk, amandelen, hazelnoten, pinda&#8217;s en soja bevatten. <\/em><\/span><\/strong><strong>\u00a0<\/strong><\/p>\n<table width=\"593\">\n<tbody>\n<tr>\n<td width=\"333\"><strong>N\u00e4hrwerte\/Nutritional values\/Voedingswaarde\/Valeurs nutritionnelles<\/strong><\/td>\n<td width=\"260\"><strong>pro\/per\/pour 100 g<\/strong><\/td>\n<\/tr>\n<tr>\n<td>Energie\/Energy\/Energie\/Valeur \u00e9nerg\u00e9tique<\/td>\n<td>579 kcal \/ 2403 kJ<\/td>\n<\/tr>\n<tr>\n<td>Fett\/Fat\/Vet\/Lipides<\/td>\n<td>42 g<\/td>\n<\/tr>\n<tr>\n<td>davon ges\u00e4ttigte Fetts\u00e4uren\/of which saturated fatty acids\/waarvan verzadigd\/dont acides gras satur\u00e9s<\/td>\n<td>26 g<\/td>\n<\/tr>\n<tr>\n<td>Kohlenhydrate\/Carbohydrates\/Koolhydraten\/Glucides<\/td>\n<td>39 g<\/td>\n<\/tr>\n<tr>\n<td>davon Zucker\/of which sugar\/waarvan suiker\/dont sucre<\/td>\n<td>35 g<\/td>\n<\/tr>\n<tr>\n<td>Eiweiss\/Protein\/Eiwit\/Prot\u00e9ine<\/td>\n<td>5.7 g<\/td>\n<\/tr>\n<tr>\n<td>Salz\/Salt\/Zout\/Sel<\/td>\n<td>0 g<\/td>\n<\/tr>\n<tr>\n<td><\/td>\n<td><\/td>\n<\/tr>\n<\/tbody>\n<\/table>\n","protected":false},"excerpt":{"rendered":"<p>Choba Choba is top kwaliteit biologische Zwitserse chocolade voor en door de Peruaanse cacaoboeren geproduceerd. Heerlijk en eerlijk!<\/p>\n","protected":false},"featured_media":94599,"comment_status":"open","ping_status":"closed","template":"","meta":[],"product_brand":[1270],"product_cat":[735,15],"product_tag":[1276,1194,1198,1271,1220,1275,1274],"class_list":{"0":"post-94498","1":"product","2":"type-product","3":"status-publish","4":"has-post-thumbnail","6":"product_brand-choba-choba","7":"product_cat-biologisch","8":"product_cat-chocolade","9":"product_tag-bio","10":"product_tag-biologisch","11":"product_tag-chocolade","12":"product_tag-peru","13":"product_tag-puur","14":"product_tag-zwitserland","15":"product_tag-zwitsers","16":"product_shipping_class-16","17":"infinite-scroll-item","18":"resize-featured-image","19":"sales-flash-overlay","20":"woocommerce-text-align-center","21":"woocommerce-image-align-center","22":"wc-has-gallery","24":"first","25":"outofstock","26":"taxable","27":"shipping-taxable","28":"purchasable","29":"product-type-simple"},"_links":{"self":[{"href":"https:\/\/clearchox.com\/nl\/wp-json\/wp\/v2\/product\/94498","targetHints":{"allow":["GET"]}}],"collection":[{"href":"https:\/\/clearchox.com\/nl\/wp-json\/wp\/v2\/product"}],"about":[{"href":"https:\/\/clearchox.com\/nl\/wp-json\/wp\/v2\/types\/product"}],"replies":[{"embeddable":true,"href":"https:\/\/clearchox.com\/nl\/wp-json\/wp\/v2\/comments?post=94498"}],"wp:featuredmedia":[{"embeddable":true,"href":"https:\/\/clearchox.com\/nl\/wp-json\/wp\/v2\/media\/94599"}],"wp:attachment":[{"href":"https:\/\/clearchox.com\/nl\/wp-json\/wp\/v2\/media?parent=94498"}],"wp:term":[{"taxonomy":"product_brand","embeddable":true,"href":"https:\/\/clearchox.com\/nl\/wp-json\/wp\/v2\/product_brand?post=94498"},{"taxonomy":"product_cat","embeddable":true,"href":"https:\/\/clearchox.com\/nl\/wp-json\/wp\/v2\/product_cat?post=94498"},{"taxonomy":"product_tag","embeddable":true,"href":"https:\/\/clearchox.com\/nl\/wp-json\/wp\/v2\/product_tag?post=94498"}],"curies":[{"name":"wp","href":"https:\/\/api.w.org\/{rel}","templated":true}]}}