{"id":94949,"date":"2025-04-08T06:58:07","date_gmt":"2025-04-08T06:58:07","guid":{"rendered":"https:\/\/clearchox.com\/nl\/?post_type=product&#038;p=94949"},"modified":"2026-03-30T15:04:06","modified_gmt":"2026-03-30T15:04:06","slug":"auro-geschenkverpakking-fiesta-collectie-5-repen","status":"publish","type":"product","link":"https:\/\/clearchox.com\/nl\/shop\/auro-geschenkverpakking-fiesta-collectie-5-repen\/","title":{"rendered":"Auro Geschenkverpakking Fiesta Collectie 5 repen"},"content":{"rendered":"<p>Vijf feestelijke repen van 20 gram, waarvan drie plant-based (*), zoals dat tegenwoordig heet, in een zeer fraaie geschenkverpakking:<\/p>\n<p><a href=\"https:\/\/clearchox.com\/nl\/shop\/auro-witte-chocolade-32-geroosterde-cashew-dulce\/\" target=\"_blank\" rel=\"noopener\">Cashew Dulce<\/a><br \/>\n<a href=\"https:\/\/clearchox.com\/nl\/shop\/auro-witte-chocolade-plant-based-calamansi-cheesecake-34\/\" target=\"_blank\" rel=\"noopener\">Calamansi Cheesecake *<\/a><br \/>\n<a href=\"https:\/\/clearchox.com\/nl\/shop\/auro-plant-based-melkchocolade-47-gezouten-pindas\/\" target=\"_blank\" rel=\"noopener\">Salted Peanut *<\/a><br \/>\nMocha Crunch * (met arabica koffie, deze hebben we niet als grote reep in onze standaardcollectie)<br \/>\n<a href=\"https:\/\/clearchox.com\/nl\/shop\/auro-32-ube-coco-witte-chocolade\/\">Ube Coco<\/a><\/p>\n<hr \/>\n<p><span lang=\"DE\"><b>Ingredi\u00ebnten<\/b>: zie achterzijde verpakking<br \/>\n<\/span><\/p>\n<p><em><strong><span style=\"color: #993300;\">Bevat melk, haver, noten, sojalecithine en pinda&#8217;s.<br \/>\n<\/span><\/strong><\/em><\/p>\n<p><strong>Voedingswaarden<\/strong>: zie bij de repen of de afbeelding van de achterzijde van de verpakking<\/p>\n<table border=\"0\" width=\"593\" cellspacing=\"0\" cellpadding=\"0\">\n<tbody>\n<tr>\n<td class=\"xl68\" width=\"333\" height=\"15\"><strong>Nutritional values\/N\u00e4hrwerte\/Voedingswaarde\/Valeurs\u00a0 nutritionnelles<\/strong><\/td>\n<td class=\"xl66\" width=\"260\"><strong>per\/pro\/per\/pour 100 g<\/strong><\/td>\n<\/tr>\n<tr>\n<td class=\"xl64\" height=\"15\">Energy\/Energie\/Valeur \u00e9nerg\u00e9tique<\/td>\n<td class=\"xl65\"><\/td>\n<\/tr>\n<tr>\n<td class=\"xl64\" height=\"15\">Fat\/Fett\/Vet\/Lipides<\/td>\n<td class=\"xl65\"><\/td>\n<\/tr>\n<tr>\n<td class=\"xl64\" height=\"15\">of which saturated\/davon ges\u00e4ttigte Fetts\u00e4uren\/waarvan verzadigd\/dont acides gras satur\u00e9s<\/td>\n<td class=\"xl65\"><\/td>\n<\/tr>\n<tr>\n<td class=\"xl64\" height=\"15\">Carbohydrates\/Kohlenhydrate\/Koolhydraten\/Glucides<\/td>\n<td class=\"xl65\"><\/td>\n<\/tr>\n<tr>\n<td class=\"xl64\" height=\"15\">of which sugar\/davon Zucker\/waarvan suiker\/dont sucre<\/td>\n<td class=\"xl65\"><\/td>\n<\/tr>\n<tr>\n<td class=\"xl64\" height=\"15\">Proteins\/Eiweiss\/Eiwitten\/Prot\u00e9ines<\/td>\n<td class=\"xl65\"><\/td>\n<\/tr>\n<tr>\n<td class=\"xl67\" height=\"15\">Salt\/Salz\/Zout\/Sel<\/td>\n<td class=\"xl63\"><\/td>\n<\/tr>\n<\/tbody>\n<\/table>\n<p>&nbsp;<\/p>\n","protected":false},"excerpt":{"rendered":"<p>Alle vijf de repen uit de Fi\u00ebsta Collectie nu in \u00e9\u00e9n fraaie geschenkverpakking. Dat wil je cadeau geven, dat wil je cadeau krijgen. Daar blijf je op feesten!<\/p>\n","protected":false},"featured_media":94950,"comment_status":"open","ping_status":"closed","template":"","meta":[],"product_brand":[116],"product_cat":[15,734],"product_tag":[1244,1198,1362,1418,1419,1417,1416,1415,24],"class_list":{"0":"post-94949","1":"product","2":"type-product","3":"status-publish","4":"has-post-thumbnail","6":"product_brand-auro","7":"product_cat-chocolade","8":"product_cat-herkomstchocolade","9":"product_tag-cadeau","10":"product_tag-chocolade","11":"product_tag-fiesta","12":"product_tag-geschenk","13":"product_tag-geschenkverpakking","14":"product_tag-gift-box","15":"product_tag-gift-set","16":"product_tag-plant-based","17":"product_tag-visible","18":"product_shipping_class-16","19":"infinite-scroll-item","20":"resize-featured-image","21":"sales-flash-overlay","22":"woocommerce-text-align-center","23":"woocommerce-image-align-center","24":"wc-has-gallery","26":"first","27":"instock","28":"taxable","29":"shipping-taxable","30":"purchasable","31":"product-type-simple"},"_links":{"self":[{"href":"https:\/\/clearchox.com\/nl\/wp-json\/wp\/v2\/product\/94949","targetHints":{"allow":["GET"]}}],"collection":[{"href":"https:\/\/clearchox.com\/nl\/wp-json\/wp\/v2\/product"}],"about":[{"href":"https:\/\/clearchox.com\/nl\/wp-json\/wp\/v2\/types\/product"}],"replies":[{"embeddable":true,"href":"https:\/\/clearchox.com\/nl\/wp-json\/wp\/v2\/comments?post=94949"}],"wp:featuredmedia":[{"embeddable":true,"href":"https:\/\/clearchox.com\/nl\/wp-json\/wp\/v2\/media\/94950"}],"wp:attachment":[{"href":"https:\/\/clearchox.com\/nl\/wp-json\/wp\/v2\/media?parent=94949"}],"wp:term":[{"taxonomy":"product_brand","embeddable":true,"href":"https:\/\/clearchox.com\/nl\/wp-json\/wp\/v2\/product_brand?post=94949"},{"taxonomy":"product_cat","embeddable":true,"href":"https:\/\/clearchox.com\/nl\/wp-json\/wp\/v2\/product_cat?post=94949"},{"taxonomy":"product_tag","embeddable":true,"href":"https:\/\/clearchox.com\/nl\/wp-json\/wp\/v2\/product_tag?post=94949"}],"curies":[{"name":"wp","href":"https:\/\/api.w.org\/{rel}","templated":true}]}}